{"id":11,"date":"2015-02-11T12:06:13","date_gmt":"2015-02-11T12:06:13","guid":{"rendered":"http:\/\/skela.ro\/?page_id=11"},"modified":"2024-10-18T07:47:42","modified_gmt":"2024-10-18T07:47:42","slug":"despre-noi","status":"publish","type":"page","link":"https:\/\/www.skela.ro\/de\/ueber-uns\/","title":{"rendered":"\u00dcber uns"},"content":{"rendered":"<div class=\"wpb-content-wrapper\"><p>[vc_row][vc_column][vc_column_text]<strong>SKELA. Bedeutende Entwicklungsstufen des Unternehmens.<\/strong><\/p>\n<p>SKELA begann 1995 als Dienstleister im Bereich Montagearbeiten. Unmittelbar nach der Gr\u00fcndung lie\u00dfen sich die ersten Erfolge verzeichnen: SKELA wurde von Shell Romania mit dem Bau von Tankstellengeb\u00e4uden und -\u00fcberdachungen sowie der Installation von Leuchtanzeigen in Tankstellen beauftragt. Bereits 1996 konnte der Bau der ersten aus Holland importierten Stahlhalle realisiert werden.<\/p>\n<p>Das Jahr 2001 brachte die Er\u00f6ffnung des eigenen Werkes f\u00fcr Stahlkonstruktionen- und strukturen. Dies war ein entscheidender Wendepunkt f\u00fcr uns, der dazu f\u00fchrte, unseren Fokus k\u00fcnftig auf die Qualit\u00e4t und Effizienz in der Planung und Herstellung von Stahlkonstruktionen zu legen.<\/p>\n<p><strong>.<\/strong>[\/vc_column_text][\/vc_column][\/vc_row][vc_row][vc_column width=&#8220;1\/2&#8243; css=&#8220;.vc_custom_1578582478123{margin-top: 50px !important;}&#8220;][vc_single_image image=&#8220;2031&#8243; img_size=&#8220;600&#215;800&#8243;][\/vc_column][vc_column width=&#8220;1\/2&#8243;][vc_column_text]<\/p>\n<div id=\"main\" class=\"site-main\">\n<div id=\"primary\" class=\"content-area\">\n<div id=\"content\" class=\"site-content\" role=\"main\">\n<article id=\"post-11\" class=\"post-11 page type-page status-publish hentry\">\n<div class=\"entry-content\">\n<div class=\"text-content\">\n<p>2010 folgte die Einf\u00fchrung eines weiteren Gesch\u00e4ftszweiges: die Planung, Fertigung und Montage von modularen Hallensystemen mit Standardabmessungen.<\/p>\n<p>Das Jahr 2010 brachte f\u00fcr uns zudem eine verst\u00e4rkte Wahrnehmung der wesentlichen Bedeutung von erneuerbaren Energien mit sich. Angetrieben vom Willen, Unternehmen im Bereich der erneuerbaren Energien zu unterst\u00fctzen und damit den Umstieg auf umweltfreundlichere Technologien weiter voranzutreiben, haben wir uns als erstes Unternehmen in Rum\u00e4nien mit der Entwicklung eines dahingehend f\u00f6rderlichen Produktes befasst: Montagesysteme f\u00fcr Photovoltaikmodule.<\/p>\n<p>2017 war ein Jahr grundlegender Ver\u00e4nderungen f\u00fcr unser Unternehmen. Eine neue Vision, ver\u00e4nderte Strukturen und ein neu gedachtes Wertesystem legten das Fundament f\u00fcr eine neue Corporate Brand: SKELA.Integrated Steel Constructures.<\/p>\n<\/div>\n<\/div>\n<\/article>\n<\/div>\n<\/div>\n<\/div>\n<p>[\/vc_column_text][\/vc_column][\/vc_row][vc_row][vc_column][vc_empty_space][\/vc_column][\/vc_row][vc_row][vc_column width=&#8220;1\/3&#8243;][vc_icon icon_fontawesome=&#8220;fa fa-rocket&#8220; color=&#8220;custom&#8220; align=&#8220;center&#8220; custom_color=&#8220;#00a79d&#8220;][vc_column_text]<\/p>\n<h4 style=\"text-align: center;\"><strong>MISSION<\/strong><\/h4>\n<p style=\"text-align: center;\">Unsere Mission umfasst den Aufbau langfristiger Gesch\u00e4fts- und Kundenbeziehungen, indem wir unseren Kunden betriebssichere Ziele in Bereichen wie Industrie-, Zivil- und Landwirtschaftsbau sowie Photovoltaikparks bieten.<\/p>\n<p style=\"text-align: center;\">Dies gelingt uns durch das technische Know-how, das Engagement und die Leidenschaft unserer Spezialisten sowie durch den Einsatz hochmoderner Technologien im Rahmen der Planung, Fertigung und Montage.<\/p>\n<p>[\/vc_column_text][\/vc_column][vc_column width=&#8220;1\/3&#8243;][vc_icon icon_fontawesome=&#8220;fa fa-binoculars&#8220; color=&#8220;custom&#8220; align=&#8220;center&#8220; custom_color=&#8220;#00a79d&#8220;][vc_column_text]<\/p>\n<h4 style=\"text-align: center;\"><strong><b>VISION<\/b><\/strong><\/h4>\n<p style=\"text-align: center;\">Unsere Vision ist es, integrierte L\u00f6sungen f\u00fcr Stahlkonstruktionen und -strukturen anzubieten.<\/p>\n<p style=\"text-align: center;\">Im Zuge dessen sind wir kontinuierlich bestrebt, der Hauptlieferant f\u00fcr den Inlandsmarkt gleichzeitig aber auch ein wichtiger Akteur auf dem europ\u00e4ischen Markt zu werden.<\/p>\n<p>[\/vc_column_text][\/vc_column][vc_column width=&#8220;1\/3&#8243;][vc_icon icon_fontawesome=&#8220;fa fa-heart&#8220; color=&#8220;custom&#8220; align=&#8220;center&#8220; custom_color=&#8220;#00a79d&#8220;][vc_column_text]<\/p>\n<h4 style=\"text-align: center;\"><strong>WERTE<\/strong><\/h4>\n<p style=\"text-align: center;\">Wir f\u00f6rdern gegenseitigen Respekt im Umgang mit unseren Kunden, Gesch\u00e4ftspartnern und Mitarbeitern.<\/p>\n<p style=\"text-align: center;\">Au\u00dferdem sind wir darauf bedacht, Zielstrebigkeit und Professionalit\u00e4t im Rahmen unserer Kundenbeziehungen mit einem entsprechenden Ma\u00df an Flexibilit\u00e4t zu verbinden.<\/p>\n<p style=\"text-align: center;\">Dabei sind wir stets offen f\u00fcr Neues, kontinuierliche Entwicklung und st\u00e4ndige Verbesserung.<\/p>\n<p>[\/vc_column_text][\/vc_column][\/vc_row][vc_row][vc_column][vc_empty_space height=&#8220;10px&#8220;][\/vc_column][\/vc_row][vc_row][vc_column][vc_separator border_width=&#8220;2&#8243;][\/vc_column][\/vc_row]<\/p>\n<\/div>","protected":false},"excerpt":{"rendered":"<p>[vc_row][vc_column][vc_column_text]SKELA. Bedeutende Entwicklungsstufen des Unternehmens. SKELA begann 1995 als Dienstleister im Bereich Montagearbeiten. Unmittelbar nach der Gr\u00fcndung lie\u00dfen sich die ersten Erfolge verzeichnen: SKELA wurde von Shell Romania mit dem Bau von Tankstellengeb\u00e4uden und -\u00fcberdachungen sowie der Installation von Leuchtanzeigen in Tankstellen beauftragt. Bereits 1996 konnte der Bau der ersten aus Holland importierten Stahlhalle realisiert&hellip;<\/p>\n","protected":false},"author":9,"featured_media":0,"parent":0,"menu_order":0,"comment_status":"closed","ping_status":"closed","template":"","meta":{"footnotes":""},"class_list":["post-11","page","type-page","status-publish","hentry","description-off"],"_links":{"self":[{"href":"https:\/\/www.skela.ro\/de\/wp-json\/wp\/v2\/pages\/11"}],"collection":[{"href":"https:\/\/www.skela.ro\/de\/wp-json\/wp\/v2\/pages"}],"about":[{"href":"https:\/\/www.skela.ro\/de\/wp-json\/wp\/v2\/types\/page"}],"author":[{"embeddable":true,"href":"https:\/\/www.skela.ro\/de\/wp-json\/wp\/v2\/users\/9"}],"replies":[{"embeddable":true,"href":"https:\/\/www.skela.ro\/de\/wp-json\/wp\/v2\/comments?post=11"}],"version-history":[{"count":99,"href":"https:\/\/www.skela.ro\/de\/wp-json\/wp\/v2\/pages\/11\/revisions"}],"predecessor-version":[{"id":4775,"href":"https:\/\/www.skela.ro\/de\/wp-json\/wp\/v2\/pages\/11\/revisions\/4775"}],"wp:attachment":[{"href":"https:\/\/www.skela.ro\/de\/wp-json\/wp\/v2\/media?parent=11"}],"curies":[{"name":"wp","href":"https:\/\/api.w.org\/{rel}","templated":true}]}}