{"id":28,"date":"2015-02-11T12:27:14","date_gmt":"2015-02-11T12:27:14","guid":{"rendered":"http:\/\/skela.ro\/?page_id=28"},"modified":"2024-10-18T07:55:43","modified_gmt":"2024-10-18T07:55:43","slug":"linii-de-business-p","status":"publish","type":"page","link":"https:\/\/www.skela.ro\/de\/ro-linii-de-business-2\/","title":{"rendered":"Business lines"},"content":{"rendered":"<div class=\"wpb-content-wrapper\"><p>[vc_row full_width=&#8220;stretch_row_content_no_spaces&#8220; equal_height=&#8220;yes&#8220; css=&#8220;.vc_custom_1559426382300{margin-top: -80px !important;}&#8220;][vc_column][vc_single_image image=&#8220;2051&#8243; img_size=&#8220;full&#8220; alignment=&#8220;center&#8220;][\/vc_column][\/vc_row][vc_row css=&#8220;.vc_custom_1559931436202{margin-top: 50px !important;}&#8220;][vc_column][vc_column_text]<\/p>\n<h5><strong>SKELA. Kapazit\u00e4ten und Technologien.<\/strong><\/h5>\n<p style=\"text-align: justify;\">Das SKELA Werk f\u00fcr Stahlkonstruktionen befindet sich auf dem Industriegel\u00e4nde \u201eFaur\u201c aus Bukarest, und umfasst derzeit \u2013 nach mehrfachen Erweiterungen \u2013 eine Fl\u00e4che von \u00fcber 7.000 m2.<\/p>\n<p style=\"text-align: justify;\">Kontinuierliche Investitionen in hochleistungsf\u00e4hige Anlagen lieferten die erwarteten Ergebnisse: w\u00e4hrend die monatliche Produktionskapazit\u00e4t im Er\u00f6ffnungsjahr 2001 noch 125 Tonnen betrug, sind wir heute in der Lage eine Produktionskapazit\u00e4t von ca. 5.000 Tonnen bei geschwei\u00dften Stahlkonstruktionen sowie ca. 2.000 Tonnen bei verzinkten Profile zu erreichen.<\/p>\n<p style=\"text-align: justify;\">Wir verwenden modernste Softwaretools, um den gesamten Produktionsprozess mit h\u00f6chster Sorgfalt zu steuern und zu \u00fcberwachen.<\/p>\n<p style=\"text-align: justify;\">Folgende Technologien kommen bei uns zum Einsatz: automatisches Sandstrahlen mit Durchlauf, Bohren und Schneiden von Profilen und Blechen mit Hilfe von Maschinen mit numerischer Steuerung, halbautomatisches Metallschutzgasschwei\u00dfen, Airless-Spritzverfahren, Kaltbiegen und Profilierverfahren, Drehbearbeitung und Fr\u00e4sen mit CNC-gesteuerten Maschinen.<\/p>\n<p style=\"text-align: justify;\">S\u00e4mtliche Schwei\u00dfarbeiten werden in unserem Labor permanent zerst\u00f6rungsfreien Werkstoffpr\u00fcfungen (NDT), wie z.B. der Ultraschall- (UT), Magnetpulver- (MT) oder der Eindringpr\u00fcfung (PT), unterzogen. Selbstverst\u00e4ndlich sind wir f\u00fcr die Durchf\u00fchrung dieser T\u00e4tigkeiten nach den strengsten Normen zertifiziert mit: ISO3834-2 (European Certificate for Welding, Joining and Cutting), DIN 18800-7 lit. E (SLV M\u00fcnchen) und EN 1090 Ausf\u00fchrungsklasse EXC4.<\/p>\n<p style=\"text-align: justify;\">Dar\u00fcber hinaus haben wir ein integriertes QHSE Managementsystem gem\u00e4\u00df den Europ\u00e4ischen Standards SR EN ISO 14001, OHSAS 18001 und SR EN ISO 9001 implementiert.<\/p>\n<p style=\"text-align: justify;\">Wir investieren konsequent sowohl in unser F\u00fchrungsteam als auch in die Schulung unserer Mitarbeiter. Insofern sind wir sehr stolz darauf, ein kompetentes Team mit sehr gut ausgebildeten Fachkr\u00e4ften zu haben, wodurch wir nicht nur in der Lage sind, Projekte \u00fcberall im In- und Ausland durchzuf\u00fchren, sondern auch die volle Verantwortung f\u00fcr getroffene Vereinbarungen zu \u00fcbernehmen und Terminfristen stets einzuhalten.<\/p>\n<p>[\/vc_column_text][\/vc_column][\/vc_row][vc_row css=&#8220;.vc_custom_1559931451747{margin-top: 50px !important;}&#8220;][vc_column width=&#8220;1\/5&#8243;][vc_single_image image=&#8220;1855&#8243; img_size=&#8220;medium&#8220; alignment=&#8220;center&#8220; onclick=&#8220;custom_link&#8220; link=&#8220;https:\/\/www.skela.ro\/ro\/tailor-line\/&#8220;][\/vc_column][vc_column width=&#8220;1\/5&#8243;][vc_single_image image=&#8220;1851&#8243; img_size=&#8220;medium&#8220; alignment=&#8220;center&#8220; onclick=&#8220;custom_link&#8220; link=&#8220;https:\/\/www.skela.ro\/ro\/heavy-line\/&#8220;][\/vc_column][vc_column width=&#8220;1\/5&#8243;][vc_single_image image=&#8220;1852&#8243; img_size=&#8220;medium&#8220; alignment=&#8220;center&#8220; onclick=&#8220;custom_link&#8220; link=&#8220;https:\/\/www.skela.ro\/ro\/ready-line\/&#8220;][\/vc_column][vc_column width=&#8220;1\/5&#8243;][vc_single_image image=&#8220;1853&#8243; img_size=&#8220;medium&#8220; alignment=&#8220;center&#8220; onclick=&#8220;custom_link&#8220; link=&#8220;https:\/\/www.skela.ro\/ro\/energy-line\/&#8220;][\/vc_column][vc_column width=&#8220;1\/5&#8243;][vc_single_image image=&#8220;1854&#8243; img_size=&#8220;medium&#8220; alignment=&#8220;center&#8220; onclick=&#8220;custom_link&#8220; link=&#8220;https:\/\/www.skela.ro\/ro\/slim-line\/&#8220;][\/vc_column][\/vc_row]<\/p>\n<\/div>","protected":false},"excerpt":{"rendered":"<p>[vc_row full_width=&#8220;stretch_row_content_no_spaces&#8220; equal_height=&#8220;yes&#8220; css=&#8220;.vc_custom_1559426382300{margin-top: -80px !important;}&#8220;][vc_column][vc_single_image image=&#8220;2051&#8243; img_size=&#8220;full&#8220; alignment=&#8220;center&#8220;][\/vc_column][\/vc_row][vc_row css=&#8220;.vc_custom_1559931436202{margin-top: 50px !important;}&#8220;][vc_column][vc_column_text] SKELA. Kapazit\u00e4ten und Technologien. Das SKELA Werk f\u00fcr Stahlkonstruktionen befindet sich auf dem Industriegel\u00e4nde \u201eFaur\u201c aus Bukarest, und umfasst derzeit \u2013 nach mehrfachen Erweiterungen \u2013 eine Fl\u00e4che von \u00fcber 7.000 m2. Kontinuierliche Investitionen in hochleistungsf\u00e4hige Anlagen lieferten die erwarteten Ergebnisse: w\u00e4hrend die monatliche&hellip;<\/p>\n","protected":false},"author":9,"featured_media":0,"parent":0,"menu_order":0,"comment_status":"closed","ping_status":"closed","template":"","meta":{"footnotes":""},"class_list":["post-28","page","type-page","status-publish","hentry","description-off"],"_links":{"self":[{"href":"https:\/\/www.skela.ro\/de\/wp-json\/wp\/v2\/pages\/28"}],"collection":[{"href":"https:\/\/www.skela.ro\/de\/wp-json\/wp\/v2\/pages"}],"about":[{"href":"https:\/\/www.skela.ro\/de\/wp-json\/wp\/v2\/types\/page"}],"author":[{"embeddable":true,"href":"https:\/\/www.skela.ro\/de\/wp-json\/wp\/v2\/users\/9"}],"replies":[{"embeddable":true,"href":"https:\/\/www.skela.ro\/de\/wp-json\/wp\/v2\/comments?post=28"}],"version-history":[{"count":47,"href":"https:\/\/www.skela.ro\/de\/wp-json\/wp\/v2\/pages\/28\/revisions"}],"predecessor-version":[{"id":4776,"href":"https:\/\/www.skela.ro\/de\/wp-json\/wp\/v2\/pages\/28\/revisions\/4776"}],"wp:attachment":[{"href":"https:\/\/www.skela.ro\/de\/wp-json\/wp\/v2\/media?parent=28"}],"curies":[{"name":"wp","href":"https:\/\/api.w.org\/{rel}","templated":true}]}}