{"id":35,"date":"2015-02-11T16:00:03","date_gmt":"2015-02-11T16:00:03","guid":{"rendered":"http:\/\/skela.ro\/?page_id=35"},"modified":"2024-10-18T09:04:46","modified_gmt":"2024-10-18T09:04:46","slug":"tailor-line-p","status":"publish","type":"page","link":"https:\/\/www.skela.ro\/de\/tailor-line\/","title":{"rendered":"Tailor Line"},"content":{"rendered":"<div class=\"wpb-content-wrapper\"><p><\/p>\n<p>[vc_row full_width=&#8220;stretch_row_content_no_spaces&#8220; css=&#8220;.vc_custom_1559865150218{margin-top: -80px !important;}&#8220;][vc_column][vc_single_image image=&#8220;2061&#8243; img_size=&#8220;full&#8220; alignment=&#8220;center&#8220;][\/vc_column][\/vc_row][vc_row css=&#8220;.vc_custom_1559931613537{margin-top: 50px !important;}&#8220;][vc_column][vc_column_text]<\/p>\n<div class=\"text-sus\">\n<h3 style=\"text-align: center;\"><strong>Mehr als Anpassungsf\u00e4higkeit: Interaktion. Mehr als Flexibilit\u00e4t: Unterst\u00fctzung..<\/strong><\/h3>\n<p>Mehr als einfach nach Ihren Bed\u00fcrfnissen \u201ema\u00dfgeschneidert\u201c, geht es hier vielmehr um ein \u201eMa\u00dfschneidern\u201c nach Ihren Vorstellungen und W\u00fcnschen.<\/p>\n<p>Planung, Montage und Wartung als Teil unseres Leistungsangebotes geben uns die M\u00f6glichkeit jene Werte umzusetzen, an die wir glauben: Engagement, Hingabe und Kooperation \u2013 dies nat\u00fcrlich stets im Einklang mit den Interessen und Zielen Ihres Unternehmens.<\/p>\n<p>Die Tailor Line ist die praktische Umsetzung eines jeden Details im Rahmen der Gestaltung und Durchf\u00fchrung der jeweiligen Leistungen.<br \/>\nKonkret gesagt:<\/p>\n<p>TAILOR LINE steht f\u00fcr die Umsetzung einer Vision. Eine Vision, die zun\u00e4chst gestaltet und anschlie\u00dfend fundiert wird. Ein einheitliches Ergebnis des \u00e4sthetischen, funktionalen und technischen Zusammenspiels von praktischem Nutzen, Ingenieurskunst und Architekturkonzept.<\/p>\n<p>Die St\u00e4rke unseres spezifischen Gesch\u00e4ftsprofils sind die integrierten Ingenieurleistungen, wobei die Vorteile klar auf der Hand liegen: von der \u00e4sthetisch-funktionalen Integrierung \u00fcber die Kostenoptimierung bis hin zur Qualit\u00e4t und Schnelligkeit der Ausf\u00fchrung.<\/p>\n<\/div>\n<div class=\"lucrari-referinta-link\" style=\"text-align: center;\"><\/div>\n<p>[\/vc_column_text][\/vc_column][\/vc_row][vc_row css=&#8220;.vc_custom_1559931621905{margin-top: 50px !important;}&#8220;][vc_column]\n<div id=\"interactive-banner-1-wrap-7743\" class=\"ult-banner-block ult-adjust-bottom-margin ult-bb-none  banner-style11 \"   style=\"\">\n\t<img decoding=\"async\" src=\"https:\/\/www.skela.ro\/wp-content\/uploads\/2019\/06\/Muzeu-Banesti-3-1.jpg\" alt=\"null\">\n\t<h3  data-ultimate-target='#interactive-banner-1-wrap-7743 .bb-top-title '  data-responsive-json-new='{\"font-size\":\"\",\"line-height\":\"\"}'  class=\"title-center bb-top-title ult-responsive\" style=\"font-weight:normal;background:#242424;color:#ffffff;\">PLANUNG<\/h3>\n\t<div class=\"mask opaque-background\" style=\"background:rgba(0,167,157,0.3);\">\n\t\t<div  data-ultimate-target='#interactive-banner-1-wrap-7743 .bb-description'  data-responsive-json-new='{\"font-size\":\"\",\"line-height\":\"\"}'  class=\"bb-description ult-responsive\" style=\"font-weight:normal;color:#ffffff;\"><\/div>\n\t<\/div>\n<\/div>[\/vc_column][\/vc_row][vc_row][vc_column][vc_column_text]<\/p>\n<div class=\"continut-proiectare\">\n<h3>TECHNISCHE PLANUNG UND ARCHITEKTONISCHES DESIGN<\/h3>\n<p>Damit ist eine Integrierung der Unternehmensziele aus architektonischer Sicht in das entsprechende st\u00e4dtische und industrielle Umfeld gemeint. <strong>DIESE PHASE UMFASST DIE FOLGENDEN SCHRITTE:<\/strong><\/p>\n<ul>\n<li>Definition und Abgrenzung des Projektthemas<\/li>\n<li>Anfertigung des Projektentwurfes (Vorprojekt \u2013 Machbarkeitsstudie)<\/li>\n<li>Erstellung des eigentlichen technischen Projekts<\/li>\n<li>Zusammentragen aller notwendigen Unterlagen f\u00fcr die Einholung s\u00e4mtlicher Zulassungen und der Baugenehmigung<\/li>\n<\/ul>\n<h3>TRAGWERKSPLANUNG:<\/h3>\n<p><strong>Ziel ist es, eine technische L\u00f6sung zu finden, um das Bauvorhaben in \u00dcbereinstimmung mit den neuesten Ausf\u00fchrungsnormen und Baustandards zu realisieren und gleichzeitig den Materialverbrauch pro Einheit zu reduzieren.<\/strong>F\u00fcr den Projektentwurf kommt die modernste 3D-Modellierungs- und Detaillierungssoftware zum Einsatz, wodurch der Materialverbrauch im Vergleich zu einer Standardberechnung um bis zu 30% optimiert werden kann.<\/p>\n<p>Ferner ist es auch m\u00f6glich, die Arbeiten auf Grundlage Ihres eigenen Projekts durchzuf\u00fchren. In diesem Fall erfolgt selbstverst\u00e4ndlich eine sorgf\u00e4ltige Pr\u00fcfung und Evaluierung Ihres Projekts durch unsere Fachkr\u00e4fte, um sicherzustellen, dass die gesamte Ausf\u00fchrungsphase \u2013 insbesondere die Montage vor Ort \u2013 reibungslos abl\u00e4uft.<br \/>\nSo k\u00f6nnen wir dank unserer 3D-Modellierungssoftware und einem hohen Vorfertigungsgrad davon ausgehen, dass Ausf\u00fchrungsverz\u00f6gerungen vollst\u00e4ndig vermieden werden.<\/p>\n<\/div>\n<div class=\"clear\"><\/div>\n<div id=\"imagine-montaj\" class=\"imagine-montaj\"><\/div>\n<p>[\/vc_column_text][\/vc_column][\/vc_row][vc_row css=&#8220;.vc_custom_1559931628625{margin-top: 50px !important;}&#8220;][vc_column]\n<div id=\"interactive-banner-1-wrap-2311\" class=\"ult-banner-block ult-adjust-bottom-margin ult-bb-none  banner-style11 \"   style=\"\">\n\t<img decoding=\"async\" src=\"https:\/\/www.skela.ro\/wp-content\/uploads\/2019\/06\/012.jpg\" alt=\"null\">\n\t<h3  data-ultimate-target='#interactive-banner-1-wrap-2311 .bb-top-title '  data-responsive-json-new='{\"font-size\":\"\",\"line-height\":\"\"}'  class=\"title-center bb-top-title ult-responsive\" style=\"font-weight:normal;background:#242424;color:#ffffff;\">MONTAGE <\/h3>\n\t<div class=\"mask opaque-background\" style=\"background:rgba(0,167,157,0.3);\">\n\t\t<div  data-ultimate-target='#interactive-banner-1-wrap-2311 .bb-description'  data-responsive-json-new='{\"font-size\":\"\",\"line-height\":\"\"}'  class=\"bb-description ult-responsive\" style=\"font-weight:normal;color:#ffffff;\"><\/div>\n\t<\/div>\n<\/div>[\/vc_column][\/vc_row][vc_row][vc_column][vc_column_text]<\/p>\n<div id=\"continut-montaj\" class=\"continut-montaj\"><strong>Der Weg von der Planung zum fertigen Ergebnis wird an Kompetenz, Schnelligkeit sowie an effizienten L\u00f6sungen gemessen.<\/strong>\u00a0Was die Montage in diesem Sinne anbelangt, zeichnen sich die von uns ausgef\u00fchrten Arbeiten durch eine herausragende Qualit\u00e4t aus, die sich in hohem Ma\u00dfe auf eine detaillierte Planung, die laufende \u00dcberwachung und Kontrolle des gesamten Prozesses, aber auch auf eine optimale Koordination unseres Teams zur\u00fcckf\u00fchren l\u00e4sst.<br \/>\nInfolgedessen sind wir jederzeit in der Lage, sowohl im Inland als auch im europ\u00e4ischen Ausland schnell und effizient Montagearbeiten f\u00fcr jede Art von Projekt, Struktur oder Konstruktion unter Verwendung bester und modernster Baustoffe durchzuf\u00fchren.<\/p>\n<p>Weiterhin setzen wir sehr stark auf \u201eTransparenz\u201c als wesentlichen Grundbestandteil unserer Kundenbeziehungen, indem wir diesen regelm\u00e4\u00dfig Informationen \u00fcber den Projektfortschritt zur Verf\u00fcgung stellen.\n<\/p><\/div>\n<div class=\"clear\"><\/div>\n<div id=\"imagine-lifeline\" class=\"imagine-lifeline\"><\/div>\n<p>[\/vc_column_text][\/vc_column][\/vc_row][vc_row css=&#8220;.vc_custom_1559931635995{margin-top: 50px !important;}&#8220;][vc_column]\n<div id=\"interactive-banner-1-wrap-8610\" class=\"ult-banner-block ult-adjust-bottom-margin ult-bb-none  banner-style11 \"   style=\"\">\n\t<img decoding=\"async\" src=\"https:\/\/www.skela.ro\/wp-content\/uploads\/2019\/06\/08.jpg\" alt=\"null\">\n\t<h3  data-ultimate-target='#interactive-banner-1-wrap-8610 .bb-top-title '  data-responsive-json-new='{\"font-size\":\"\",\"line-height\":\"\"}'  class=\"title-center bb-top-title ult-responsive\" style=\"font-weight:normal;background:#242424;color:#ffffff;\">LIFE LINE<\/h3>\n\t<div class=\"mask opaque-background\" style=\"background:rgba(0,167,157,0.3);\">\n\t\t<div  data-ultimate-target='#interactive-banner-1-wrap-8610 .bb-description'  data-responsive-json-new='{\"font-size\":\"\",\"line-height\":\"\"}'  class=\"bb-description ult-responsive\" style=\"font-weight:normal;color:#ffffff;\"><\/div>\n\t<\/div>\n<\/div>[\/vc_column][\/vc_row][vc_row][vc_column][vc_column_text]<\/p>\n<div class=\"continut-lifeline\"><strong>Eine unverzichtbare Anforderung im Rahmen der Arbeitssicherheit ist die Implementierung des &#8222;Life Line&#8220;<\/strong> Systems, eine grundlegende Schutzma\u00dfnahme, um das Absturzrisiko f\u00fcr diejenigen Mitarbeiter, die Arbeiten in gro\u00dfer H\u00f6he verrichten, zu reduzieren, diesen aber dennoch eine gute Mobilit\u00e4t in schwer zug\u00e4nglichen Bereichen zu erm\u00f6glichen.<br \/>\nDas System ist sehr vielseitig und \u00e4u\u00dferst effizient, sodass es in jedem Einsatzgebiet f\u00fcr ein H\u00f6chstma\u00df an Sicherheit sorgt.\n<\/div>\n<div class=\"clear\"><\/div>\n<div id=\"imagine-mentenanta\" class=\"imagine-mentenanta\"><\/div>\n<p>[\/vc_column_text][\/vc_column][\/vc_row][vc_row css=&#8220;.vc_custom_1559931643604{margin-top: 50px !important;}&#8220;][vc_column]\n<div id=\"interactive-banner-1-wrap-3693\" class=\"ult-banner-block ult-adjust-bottom-margin ult-bb-none  banner-style11 \"   style=\"\">\n\t<img decoding=\"async\" src=\"https:\/\/www.skela.ro\/wp-content\/uploads\/2019\/06\/07.jpg\" alt=\"null\">\n\t<h3  data-ultimate-target='#interactive-banner-1-wrap-3693 .bb-top-title '  data-responsive-json-new='{\"font-size\":\"\",\"line-height\":\"\"}'  class=\"title-center bb-top-title ult-responsive\" style=\"font-weight:normal;background:#242424;color:#ffffff;\">WARTUNG<\/h3>\n\t<div class=\"mask opaque-background\" style=\"background:rgba(0,167,157,0.3);\">\n\t\t<div  data-ultimate-target='#interactive-banner-1-wrap-3693 .bb-description'  data-responsive-json-new='{\"font-size\":\"\",\"line-height\":\"\"}'  class=\"bb-description ult-responsive\" style=\"font-weight:normal;color:#ffffff;\"><\/div>\n\t<\/div>\n<\/div>[\/vc_column][\/vc_row][vc_row][vc_column][vc_column_text]<\/p>\n<article id=\"post-35\" class=\"post-35 page type-page status-publish hentry\">\n<div class=\"custom-line\">\n<div class=\"continut-tailorline\">\n<div class=\"continut-mentenanta\"><strong>Das Angebot von Wartungsarbeiten neben Planung und Montage vervollst\u00e4ndigt das Leistungsspektrum der Tailor Line und ist eine Grundvoraussetzung unseres Qualit\u00e4tsversprechens. Unsere Teams sind unabh\u00e4ngig von Anforderung und Art der Arbeit hochqualifiziert bei Bedarf z\u00fcgig und sicher entsprechende Ma\u00dfnahmen zu ergreifen und dadurch eine maximale Qualit\u00e4t bei geringem Zeitaufwand zu gew\u00e4hrleisten.<\/strong>\u00a0\u00a0\u00a0Die Wartungsarbeiten reichen von einfachen Instandhaltungsma\u00dfnahmen bis hin zu \u00fcberaus komplexen Eingriffen, umfassen aber gr\u00f6\u00dftenteils die \u00dcberpr\u00fcfung von Verschraubungen, die \u00dcberpr\u00fcfung und Ausbesserung des Korrosionsschutzes und die \u00dcberpr\u00fcfung s\u00e4mtlicher Abdichtungen sowie der Regenwasserabfl\u00fcsse (Dachrinnen und Fallrohre).<\/div>\n<div class=\"clear\"><\/div>\n<\/div>\n<\/div>\n<div class=\"entry-content\"><\/div>\n<\/article>\n<div class=\"clear\"><\/div>\n<p>[\/vc_column_text][\/vc_column][\/vc_row]<\/p>\n<p><\/p>\n<\/div>","protected":false},"excerpt":{"rendered":"<p>[vc_row full_width=&#8220;stretch_row_content_no_spaces&#8220; css=&#8220;.vc_custom_1559865150218{margin-top: -80px !important;}&#8220;][vc_column][vc_single_image image=&#8220;2061&#8243; img_size=&#8220;full&#8220; alignment=&#8220;center&#8220;][\/vc_column][\/vc_row][vc_row css=&#8220;.vc_custom_1559931613537{margin-top: 50px !important;}&#8220;][vc_column][vc_column_text] Mehr als Anpassungsf\u00e4higkeit: Interaktion. Mehr als Flexibilit\u00e4t: Unterst\u00fctzung.. Mehr als einfach nach Ihren Bed\u00fcrfnissen \u201ema\u00dfgeschneidert\u201c, geht es hier vielmehr um ein \u201eMa\u00dfschneidern\u201c nach Ihren Vorstellungen und W\u00fcnschen. Planung, Montage und Wartung als Teil unseres Leistungsangebotes geben uns die M\u00f6glichkeit jene Werte umzusetzen, an die&hellip;<\/p>\n","protected":false},"author":9,"featured_media":0,"parent":0,"menu_order":0,"comment_status":"closed","ping_status":"closed","template":"","meta":{"footnotes":""},"class_list":["post-35","page","type-page","status-publish","hentry","description-off"],"_links":{"self":[{"href":"https:\/\/www.skela.ro\/de\/wp-json\/wp\/v2\/pages\/35"}],"collection":[{"href":"https:\/\/www.skela.ro\/de\/wp-json\/wp\/v2\/pages"}],"about":[{"href":"https:\/\/www.skela.ro\/de\/wp-json\/wp\/v2\/types\/page"}],"author":[{"embeddable":true,"href":"https:\/\/www.skela.ro\/de\/wp-json\/wp\/v2\/users\/9"}],"replies":[{"embeddable":true,"href":"https:\/\/www.skela.ro\/de\/wp-json\/wp\/v2\/comments?post=35"}],"version-history":[{"count":46,"href":"https:\/\/www.skela.ro\/de\/wp-json\/wp\/v2\/pages\/35\/revisions"}],"predecessor-version":[{"id":4783,"href":"https:\/\/www.skela.ro\/de\/wp-json\/wp\/v2\/pages\/35\/revisions\/4783"}],"wp:attachment":[{"href":"https:\/\/www.skela.ro\/de\/wp-json\/wp\/v2\/media?parent=35"}],"curies":[{"name":"wp","href":"https:\/\/api.w.org\/{rel}","templated":true}]}}