{"id":90,"date":"2015-02-23T12:44:13","date_gmt":"2015-02-23T12:44:13","guid":{"rendered":"http:\/\/skela.ro\/?page_id=90"},"modified":"2024-10-18T09:04:04","modified_gmt":"2024-10-18T09:04:04","slug":"heavy-line-p","status":"publish","type":"page","link":"https:\/\/www.skela.ro\/de\/heavy-line\/","title":{"rendered":"Heavy Line"},"content":{"rendered":"<div class=\"wpb-content-wrapper\"><p>[vc_row full_width=&#8220;stretch_row_content_no_spaces&#8220; css=&#8220;.vc_custom_1559865714946{margin-top: -80px !important;}&#8220;][vc_column][vc_single_image image=&#8220;2062&#8243; img_size=&#8220;full&#8220; alignment=&#8220;center&#8220;][\/vc_column][\/vc_row][vc_row css=&#8220;.vc_custom_1559931684056{margin-top: 50px !important;margin-bottom: 50px !important;}&#8220;][vc_column][vc_column_text]<\/p>\n<h3 style=\"text-align: center;\">Schwere Stahlkonstruktionen<\/h3>\n<p style=\"text-align: center;\">Obwohl dies sehr \u201c<strong>gewaltig<\/strong>\u201d, klingt, ist es wichtig zu betonen, dass eine derartige \u201c<strong>Stahlkonstruktion<\/strong>\u201d im Grunde genommen die elastischste, sicherste und schnellste L\u00f6sung f\u00fcr Industrieanlagen darstellt. Die Heavy Line garantiert eine hohe Stabilit\u00e4t, Tragf\u00e4higkeit und nicht zuletzt Sicherheit f\u00fcr jede Art von Stahlkonstruktion. Wir reden hier von Leistung, Resistenz, Energie, Zuverl\u00e4ssigkeit und Vertrauen.<\/p>\n<p>[\/vc_column_text][\/vc_column][\/vc_row][vc_row][vc_column]\n<div id=\"interactive-banner-1-wrap-3457\" class=\"ult-banner-block ult-adjust-bottom-margin ult-bb-none  banner-style11 \"   style=\"\">\n\t<img decoding=\"async\" src=\"https:\/\/www.skela.ro\/wp-content\/uploads\/2019\/06\/Hurezani2.jpg\" alt=\"null\">\n\t<h3  data-ultimate-target='#interactive-banner-1-wrap-3457 .bb-top-title '  data-responsive-json-new='{\"font-size\":\"\",\"line-height\":\"\"}'  class=\"title-center bb-top-title ult-responsive\" style=\"font-weight:normal;background:#242424;color:#ffffff;\">Schwere Stahlkonstruktionen<\/h3>\n\t<div class=\"mask opaque-background\" style=\"background:rgba(0,167,157,0.6);\">\n\t\t<div  data-ultimate-target='#interactive-banner-1-wrap-3457 .bb-description'  data-responsive-json-new='{\"font-size\":\"\",\"line-height\":\"\"}'  class=\"bb-description ult-responsive\" style=\"font-weight:normal;color:#ffffff;\"><\/div>\n\t<\/div>\n<\/div>[\/vc_column][\/vc_row][vc_row][vc_column][vc_column_text]<\/p>\n<div class=\"custom-line\">\n<div class=\"continut-heavyline\">\n<div class=\"continut-structuri\">\n<p><strong>Worum geht es hier?<\/strong>\u00a0Im Mittelpunkt stehen Stahlkonstruktionen, die in unserem eigenen Werk geschwei\u00dft werden.<\/p>\n<p>Eine wichtige Rolle spielt dabei die technische Ausstattung, welche neben einer exponentiellen Steigerung der Produktionsgeschwindigkeit auch eine Optimierung der Ausf\u00fchrungs- und Lieferzeiten erm\u00f6glicht und gleichzeitig die h\u00f6chsten Qualit\u00e4tsma\u00dfst\u00e4be f\u00fcr die Produktionsergebnissse setzt.<\/p>\n<p>Dazu z\u00e4hlt auch der Einsatz hochmoderner Software, die eine umfassende Qualit\u00e4tskontrolle der ausgef\u00fchrten Schwei\u00dfarbeiten durch Ultraschall, Eindringfl\u00fcssigkeiten und im eigenen Labor hergestellten Magnetpulvern garantiert.<\/p>\n<p>Essenziell ist au\u00dferdem die Nutzung von 3D-Modellierung, die die Integrierung von industriespezifischen Technologien gew\u00e4hrleistet. Die daraus resultierende Pr\u00e4zision in der Fertigung sowie die ausschlie\u00dfliche Montage mit Bolzen, erm\u00f6glichen auch die Ausf\u00fchrung von \u00e4u\u00dferst komplexen Projekten, in jeder H\u00f6he, an jedem Standort und f\u00fcr jeden Zweck.<\/p>\n<\/div>\n<div class=\"clear\"><\/div>\n<\/div>\n<\/div>\n<div class=\"entry-content\"><\/div>\n<p>[\/vc_column_text][\/vc_column][\/vc_row]<\/p>\n<\/div>","protected":false},"excerpt":{"rendered":"<p>[vc_row full_width=&#8220;stretch_row_content_no_spaces&#8220; css=&#8220;.vc_custom_1559865714946{margin-top: -80px !important;}&#8220;][vc_column][vc_single_image image=&#8220;2062&#8243; img_size=&#8220;full&#8220; alignment=&#8220;center&#8220;][\/vc_column][\/vc_row][vc_row css=&#8220;.vc_custom_1559931684056{margin-top: 50px !important;margin-bottom: 50px !important;}&#8220;][vc_column][vc_column_text] Schwere Stahlkonstruktionen Obwohl dies sehr \u201cgewaltig\u201d, klingt, ist es wichtig zu betonen, dass eine derartige \u201cStahlkonstruktion\u201d im Grunde genommen die elastischste, sicherste und schnellste L\u00f6sung f\u00fcr Industrieanlagen darstellt. Die Heavy Line garantiert eine hohe Stabilit\u00e4t, Tragf\u00e4higkeit und nicht zuletzt Sicherheit f\u00fcr jede&hellip;<\/p>\n","protected":false},"author":9,"featured_media":0,"parent":0,"menu_order":0,"comment_status":"closed","ping_status":"closed","template":"","meta":{"footnotes":""},"class_list":["post-90","page","type-page","status-publish","hentry","description-off"],"_links":{"self":[{"href":"https:\/\/www.skela.ro\/de\/wp-json\/wp\/v2\/pages\/90"}],"collection":[{"href":"https:\/\/www.skela.ro\/de\/wp-json\/wp\/v2\/pages"}],"about":[{"href":"https:\/\/www.skela.ro\/de\/wp-json\/wp\/v2\/types\/page"}],"author":[{"embeddable":true,"href":"https:\/\/www.skela.ro\/de\/wp-json\/wp\/v2\/users\/9"}],"replies":[{"embeddable":true,"href":"https:\/\/www.skela.ro\/de\/wp-json\/wp\/v2\/comments?post=90"}],"version-history":[{"count":17,"href":"https:\/\/www.skela.ro\/de\/wp-json\/wp\/v2\/pages\/90\/revisions"}],"predecessor-version":[{"id":4784,"href":"https:\/\/www.skela.ro\/de\/wp-json\/wp\/v2\/pages\/90\/revisions\/4784"}],"wp:attachment":[{"href":"https:\/\/www.skela.ro\/de\/wp-json\/wp\/v2\/media?parent=90"}],"curies":[{"name":"wp","href":"https:\/\/api.w.org\/{rel}","templated":true}]}}