{"id":92,"date":"2015-02-23T12:44:50","date_gmt":"2015-02-23T12:44:50","guid":{"rendered":"http:\/\/skela.ro\/?page_id=92"},"modified":"2024-10-07T19:23:51","modified_gmt":"2024-10-07T19:23:51","slug":"ready-line-p","status":"publish","type":"page","link":"https:\/\/www.skela.ro\/de\/ready-line-2\/","title":{"rendered":"Ready Line"},"content":{"rendered":"<div class=\"wpb-content-wrapper\"><p>[vc_row full_width=&#8220;stretch_row_content_no_spaces&#8220; css=&#8220;.vc_custom_1559866695847{margin-top: -80px !important;}&#8220;][vc_column][vc_single_image image=&#8220;2957&#8243; img_size=&#8220;full&#8220; alignment=&#8220;center&#8220;][\/vc_column][\/vc_row][vc_row css=&#8220;.vc_custom_1559931766048{margin-top: 50px !important;margin-bottom: 50px !important;}&#8220;][vc_column][vc_column_text]<\/p>\n<h3 style=\"text-align: center;\">Schl\u00fcsselfertige Stahlhallen<\/h3>\n<p style=\"text-align: center;\">Die Ready Line beschreibt nicht einfach einen starren, vorgefertigten Prozess \u2013 im Gegenteil \u2013 es handelt sich dabei um ein mehrdimensionales System zur Schaffung eines optimalen Materialverbrauchs und verringerter Infrastrukturkosten.<\/p>\n<p>Unser Angebot schl\u00fcsselfertiger Stahlhallen beruht auf Schnelligkeit in der Ausf\u00fchrung, Zuverl\u00e4ssigkeit und Resistenz: jedes Element der Konstruktion ist einwandfrei integriert und vor Korrosion gesch\u00fctzt.<br \/>\nDie Ready Line steht f\u00fcr eine klare Vision und ein ununterbrochenes Innovationsstreben. Das Ergebnis ist ein breit gef\u00e4chertes Anwendungsspektrum, vor allem durch die vielf\u00e4ltigen Ausbau- und Erweiterungsm\u00f6glichkeiten unserer Hallen. Dabei ist eine umfassende Unterst\u00fctzung unsererseits in allen Belangen m\u00f6glich.<\/p>\n<p>[\/vc_column_text][\/vc_column][\/vc_row][vc_row][vc_column]\n<div id=\"interactive-banner-1-wrap-8543\" class=\"ult-banner-block ult-adjust-bottom-margin ult-bb-none  banner-style11 \"   style=\"\">\n\t<img decoding=\"async\" src=\"https:\/\/www.skela.ro\/wp-content\/uploads\/2019\/06\/ferma-frumusica-1.jpg\" alt=\"null\">\n\t<h3  data-ultimate-target='#interactive-banner-1-wrap-8543 .bb-top-title '  data-responsive-json-new='{\"font-size\":\"\",\"line-height\":\"\"}'  class=\"title-center bb-top-title ult-responsive\" style=\"font-weight:normal;background:#242424;color:#ffffff;\">HALE METALICE LA CHEIE<\/h3>\n\t<div class=\"mask opaque-background\" style=\"background:rgba(0,167,157,0.6);\">\n\t\t<div  data-ultimate-target='#interactive-banner-1-wrap-8543 .bb-description'  data-responsive-json-new='{\"font-size\":\"\",\"line-height\":\"\"}'  class=\"bb-description ult-responsive\" style=\"font-weight:normal;color:#ffffff;\"><\/div>\n\t<\/div>\n<\/div>[\/vc_column][\/vc_row][vc_row][vc_column][vc_column_text]<strong>Worum geht es hier?<\/strong>\u00a0Zun\u00e4chst einmal ist das Anwendungsgebiet sehr umfangreich: von Lagerhallen, Hangars, Agrar- und Industriehallen \u00fcber Showrooms, KFZ-Werkst\u00e4tten, Einkaufs- und Freizeitzentren bis hin zu Wohnkomplexen, B\u00fcrogeb\u00e4uden, Tankstellen oder Einzelhandelsketten &#8211; die Liste kann endlos fortgef\u00fchrt werden.<\/p>\n<p>Die Vorteile der modularen Hallensysteme mit Standardabmessungen sind mehr als eindeutig: es wird eine einwandfreie Stahlqualit\u00e4t aufgrund strenger Qualit\u00e4tsanforderungen bei der Stahlerzeugung gew\u00e4hrleistet und die \u201eschl\u00fcsselfertige\u201c Lieferung erfolgt in k\u00fcrzester Zeit und zu hervorragend optimierten Kosten.<br \/>\nDar\u00fcber hinaus bieten auch die ma\u00dfgeschneiderten Hallen eine Reihe von Vorteilen, wie z.B. einen hohe Vorfertigungsgrad, den Vorzug eines einzigen Lieferanten im gesamten Prozess (von der Planung bis hin zur Montage), die Lieferung nach dem \u201eOne Stop Shop\u201c-Prinzip, uvm.<\/p>\n<h3 style=\"text-align: center;\">IMPORTANT<\/h3>\n<p style=\"text-align: center;\">Wichtig zu betonen ist zudem, dass alle Elemente der Stahlkonstruktion eine Korrosionsschutzbehandlung erhalten und die Geb\u00e4ude sicher und dauerhaft best\u00e4ndig sind. Au\u00dferdem erlaubt diese Art der Konstruktion vielf\u00e4ltige Erweiterungsm\u00f6glichkeiten.<\/p>\n<p>[\/vc_column_text][\/vc_column][\/vc_row]<\/p>\n<\/div>","protected":false},"excerpt":{"rendered":"<p>[vc_row full_width=&#8220;stretch_row_content_no_spaces&#8220; css=&#8220;.vc_custom_1559866695847{margin-top: -80px !important;}&#8220;][vc_column][vc_single_image image=&#8220;2957&#8243; img_size=&#8220;full&#8220; alignment=&#8220;center&#8220;][\/vc_column][\/vc_row][vc_row css=&#8220;.vc_custom_1559931766048{margin-top: 50px !important;margin-bottom: 50px !important;}&#8220;][vc_column][vc_column_text] Schl\u00fcsselfertige Stahlhallen Die Ready Line beschreibt nicht einfach einen starren, vorgefertigten Prozess \u2013 im Gegenteil \u2013 es handelt sich dabei um ein mehrdimensionales System zur Schaffung eines optimalen Materialverbrauchs und verringerter Infrastrukturkosten. Unser Angebot schl\u00fcsselfertiger Stahlhallen beruht auf Schnelligkeit in der Ausf\u00fchrung,&hellip;<\/p>\n","protected":false},"author":9,"featured_media":0,"parent":0,"menu_order":0,"comment_status":"closed","ping_status":"closed","template":"","meta":{"footnotes":""},"class_list":["post-92","page","type-page","status-publish","hentry","description-off"],"_links":{"self":[{"href":"https:\/\/www.skela.ro\/de\/wp-json\/wp\/v2\/pages\/92"}],"collection":[{"href":"https:\/\/www.skela.ro\/de\/wp-json\/wp\/v2\/pages"}],"about":[{"href":"https:\/\/www.skela.ro\/de\/wp-json\/wp\/v2\/types\/page"}],"author":[{"embeddable":true,"href":"https:\/\/www.skela.ro\/de\/wp-json\/wp\/v2\/users\/9"}],"replies":[{"embeddable":true,"href":"https:\/\/www.skela.ro\/de\/wp-json\/wp\/v2\/comments?post=92"}],"version-history":[{"count":11,"href":"https:\/\/www.skela.ro\/de\/wp-json\/wp\/v2\/pages\/92\/revisions"}],"predecessor-version":[{"id":4510,"href":"https:\/\/www.skela.ro\/de\/wp-json\/wp\/v2\/pages\/92\/revisions\/4510"}],"wp:attachment":[{"href":"https:\/\/www.skela.ro\/de\/wp-json\/wp\/v2\/media?parent=92"}],"curies":[{"name":"wp","href":"https:\/\/api.w.org\/{rel}","templated":true}]}}