{"id":94,"date":"2015-02-23T12:45:32","date_gmt":"2015-02-23T12:45:32","guid":{"rendered":"http:\/\/skela.ro\/?page_id=94"},"modified":"2024-10-18T09:02:55","modified_gmt":"2024-10-18T09:02:55","slug":"energy-line-p","status":"publish","type":"page","link":"https:\/\/www.skela.ro\/de\/energy-line\/","title":{"rendered":"Energy Line"},"content":{"rendered":"<div class=\"wpb-content-wrapper\"><p>[vc_row full_width=&#8220;stretch_row_content_no_spaces&#8220; css=&#8220;.vc_custom_1559868165473{margin-top: -80px !important;}&#8220;][vc_column][vc_single_image image=&#8220;2065&#8243; img_size=&#8220;full&#8220; alignment=&#8220;center&#8220;][\/vc_column][\/vc_row][vc_row css=&#8220;.vc_custom_1559931834956{margin-top: 50px !important;margin-bottom: 50px !important;}&#8220;][vc_column][vc_column_text]<\/p>\n<h3 style=\"text-align: center;\">Tragstrukturen f\u00fcr Photovoltaikmodule<\/h3>\n<p style=\"text-align: center;\">Hierbei handelt es sich um ein Gesch\u00e4ftsfeld von<br \/>\n<strong>SKELA<\/strong>\u00a0, das uns besonders am Herzen liegt, wahrscheinlich, weil es einerseits das j\u00fcngste unserer Gesch\u00e4ftsfelder ist (Aufbau 2010, als wir mit der Herstellung und Montage von Tragstrukturen f\u00fcr die erste Photovoltaik-Freifl\u00e4chenanlage Rum\u00e4niens in Singureni, Giurgiu beauftragt wurden) und weil es andererseits eine unserer \u00dcberzeugungen sowohl in Bezug auf das eigene Leben, als auch auf das Gesch\u00e4ftsleben hervorbringt: die Schonung der Ressourcen.<\/p>\n<p>In diesem Sinne sind wir stolz darauf, das einzige rum\u00e4nische Unternehmen zu sein, das sich vollst\u00e4ndig dem Konzept der Integrierung von Stahlkonstruktionen als Tragstrukturen f\u00fcr Solarmodule im Rahmen komplexer Projekte unterschiedlicher Gr\u00f6\u00dfenordnungen angenommen hat, und zwar unabh\u00e4ngig von der Fl\u00e4che, der Art und der Ausrichtung der Module.<\/p>\n<p>[\/vc_column_text][\/vc_column][\/vc_row][vc_row][vc_column]\n<div id=\"interactive-banner-1-wrap-9680\" class=\"ult-banner-block ult-adjust-bottom-margin ult-bb-none  banner-style11 \"   style=\"\">\n\t<img decoding=\"async\" src=\"https:\/\/www.skela.ro\/wp-content\/uploads\/2019\/06\/Urzicuta-22.jpg\" alt=\"null\">\n\t<h3  data-ultimate-target='#interactive-banner-1-wrap-9680 .bb-top-title '  data-responsive-json-new='{\"font-size\":\"\",\"line-height\":\"\"}'  class=\"title-center bb-top-title ult-responsive\" style=\"font-weight:normal;background:#242424;color:#ffffff;\">Tragstrukturen f\u00fcr Photovoltaikmodule<\/h3>\n\t<div class=\"mask opaque-background\" style=\"background:rgba(0,167,157,0.6);\">\n\t\t<div  data-ultimate-target='#interactive-banner-1-wrap-9680 .bb-description'  data-responsive-json-new='{\"font-size\":\"\",\"line-height\":\"\"}'  class=\"bb-description ult-responsive\" style=\"font-weight:normal;color:#ffffff;\"><\/div>\n\t<\/div>\n<\/div>[\/vc_column][\/vc_row][vc_row][vc_column][vc_column_text]<strong>Worum geht es hier?<\/strong>Im Rahmen der Energy Line werden Komplettl\u00f6sungen f\u00fcr Tragstrukturen von Photovoltaikmodulen angeboten. Dazu geh\u00f6ren: der Entwurf und die Fertigung der Montagesysteme (gem\u00e4\u00df konkreten Kundenspezifikationen, mithilfe von Stahlleichtprofilen), das Fundamentsystem (angepasst an die Bodenart, den Standort, die Klimabedingungen und die Modulart) und nat\u00fcrlich auch die Installation.<br \/>\n<strong>Unsere Montagesysteme zeichnen sich durch folgende Vorteile aus:<\/strong><\/p>\n<ul>\n<li>Hochqualitative Strukturen, die in unserem Werk gefertigt werden<\/li>\n<li>Effiziente und wettbewerbsf\u00e4hige L\u00f6sungen<\/li>\n<li>20 Jahre Garantie<\/li>\n<li>Komplette Ingenieurdienstleistungen<\/li>\n<li>Hohe Produktionskapazit\u00e4ten<\/li>\n<li>Hergestellt gem\u00e4\u00df europ\u00e4ischen Normen<\/li>\n<li>Schnelle und sichere Installation<\/li>\n<\/ul>\n<p style=\"font-size: 1.4rem;\"><b>SKELA Industries<\/b><\/p>\n<ul style=\"list-style-type: none; margin: 0; padding: 0; overflow: hidden; background-color: #dddddd;\">\n<li style=\"float: left; padding: 8px;\"><a title=\"Hale metalice - proiectare, uzinare, montaj, mentenanta; hale la cheie\" href=\"https:\/\/www.skela.ro\/1\/Hale-metalice-Skela.html\" target=\"_blank\" rel=\"noopener noreferrer\">Hale metalice<\/a><\/li>\n<li style=\"float: left; padding: 8px;\"><a title=\"Poduri si pasarele metalice - Skela Industries\" href=\"https:\/\/www.skela.ro\/1\/Poduri-metalice-pasarele-Skela.html\" target=\"_blank\" rel=\"noopener noreferrer\">Poduri, pasarele<\/a><\/li>\n<li style=\"float: left; padding: 8px;\"><a title=\"Structuri metalice industriale, structuri metalice grele - Skela Industries\" href=\"https:\/\/www.skela.ro\/1\/Structuri-metalice-Skela.html\" target=\"_blank\" rel=\"noopener noreferrer\">Structuri metalice<\/a><\/li>\n<li style=\"float: left; padding: 8px;\"><a title=\"Hale agricole si industriale - proiectare \/ reproiectare, productie, montaj, mentenanta - Skela Industries\" href=\"https:\/\/www.skela.ro\/1\/Hale-industriale-si-agricole-Skela.html\" target=\"_blank\" rel=\"noopener noreferrer\">Hale agricole<\/a><\/li>\n<li style=\"float: left; padding: 8px;\"><a title=\"Accesorii din tabla ambutisata pentru hale\" href=\"https:\/\/www.skela.ro\/1\/Accesorii-tabla-hale-metalice-Skela.html\" target=\"_blank\" rel=\"noopener noreferrer\">Accesorii hale<\/a><\/li>\n<\/ul>\n<p>[\/vc_column_text][\/vc_column][\/vc_row]<\/p>\n<\/div>","protected":false},"excerpt":{"rendered":"<p>[vc_row full_width=&#8220;stretch_row_content_no_spaces&#8220; css=&#8220;.vc_custom_1559868165473{margin-top: -80px !important;}&#8220;][vc_column][vc_single_image image=&#8220;2065&#8243; img_size=&#8220;full&#8220; alignment=&#8220;center&#8220;][\/vc_column][\/vc_row][vc_row css=&#8220;.vc_custom_1559931834956{margin-top: 50px !important;margin-bottom: 50px !important;}&#8220;][vc_column][vc_column_text] Tragstrukturen f\u00fcr Photovoltaikmodule Hierbei handelt es sich um ein Gesch\u00e4ftsfeld von SKELA\u00a0, das uns besonders am Herzen liegt, wahrscheinlich, weil es einerseits das j\u00fcngste unserer Gesch\u00e4ftsfelder ist (Aufbau 2010, als wir mit der Herstellung und Montage von Tragstrukturen f\u00fcr die erste Photovoltaik-Freifl\u00e4chenanlage&hellip;<\/p>\n","protected":false},"author":9,"featured_media":0,"parent":0,"menu_order":0,"comment_status":"closed","ping_status":"closed","template":"","meta":{"footnotes":""},"class_list":["post-94","page","type-page","status-publish","hentry","description-off"],"_links":{"self":[{"href":"https:\/\/www.skela.ro\/de\/wp-json\/wp\/v2\/pages\/94"}],"collection":[{"href":"https:\/\/www.skela.ro\/de\/wp-json\/wp\/v2\/pages"}],"about":[{"href":"https:\/\/www.skela.ro\/de\/wp-json\/wp\/v2\/types\/page"}],"author":[{"embeddable":true,"href":"https:\/\/www.skela.ro\/de\/wp-json\/wp\/v2\/users\/9"}],"replies":[{"embeddable":true,"href":"https:\/\/www.skela.ro\/de\/wp-json\/wp\/v2\/comments?post=94"}],"version-history":[{"count":17,"href":"https:\/\/www.skela.ro\/de\/wp-json\/wp\/v2\/pages\/94\/revisions"}],"predecessor-version":[{"id":4787,"href":"https:\/\/www.skela.ro\/de\/wp-json\/wp\/v2\/pages\/94\/revisions\/4787"}],"wp:attachment":[{"href":"https:\/\/www.skela.ro\/de\/wp-json\/wp\/v2\/media?parent=94"}],"curies":[{"name":"wp","href":"https:\/\/api.w.org\/{rel}","templated":true}]}}