{"id":96,"date":"2015-02-23T12:45:58","date_gmt":"2015-02-23T12:45:58","guid":{"rendered":"http:\/\/skela.ro\/?page_id=96"},"modified":"2021-11-30T14:10:11","modified_gmt":"2021-11-30T14:10:11","slug":"slim-line-p","status":"publish","type":"page","link":"https:\/\/www.skela.ro\/de\/slim-line\/","title":{"rendered":"Slim Line"},"content":{"rendered":"<div class=\"wpb-content-wrapper\"><p><\/p>\n<p>[vc_row full_width=&#8220;stretch_row_content_no_spaces&#8220; css=&#8220;.vc_custom_1559874634718{margin-top: -80px !important;}&#8220;][vc_column][vc_single_image image=&#8220;2192&#8243; img_size=&#8220;full&#8220; alignment=&#8220;center&#8220;][\/vc_column][\/vc_row][vc_row css=&#8220;.vc_custom_1559931921855{margin-top: 50px !important;margin-bottom: 50px !important;}&#8220;][vc_column][vc_column_text]<\/p>\n<div class=\"text-sus\">\n<h3><strong>Zubeh\u00f6rteile aus Stahlblech und verzinkte Profile<\/strong><\/h3>\n<p>Jede Stahlkonstruktion hat ein solides, starkes und stabiles Erscheinungsbild. All diese Eigenschaften w\u00e4ren jedoch ohne den wesentlichen Beitrag von Zubeh\u00f6rteilen nicht vorhanden.<br \/>\nTats\u00e4chlich geht es hier um Details, jedoch sind es meistens gerade diese Feinheiten, die \u00fcber Qualit\u00e4t und Professionalit\u00e4t bei der Umsetzung eines Projekts entscheiden.<\/p>\n<p>Die Slim Line ist unverzichtbar f\u00fcr die Gestaltung und Ausf\u00fchrung s\u00e4mtlicher Arbeiten. Zubeh\u00f6rteile wie z.B. St\u00fctzelemente k\u00f6nnen in der Tat als Bindeglieder angesehen werden, da sie die Gesamtheit aller Elemente festigen und stabilisieren.<\/p>\n<p>Somit mag die Slim Line zwar die \u201eBackstage\u201c, die manchmal unsichtbar zu sein scheint, darstellen, jedoch tr\u00e4gt sie die wichtigste Aufgabe: den Zusammenhalt der gesamten Konstruktion.<\/p>\n<\/div>\n<div class=\"lucrari-referinta-link\"><\/div>\n<p>[\/vc_column_text][\/vc_column][\/vc_row][vc_row][vc_column]\n<div id=\"interactive-banner-1-wrap-2302\" class=\"ult-banner-block ult-adjust-bottom-margin ult-bb-none  banner-style11 \"   style=\"\">\n\t<img decoding=\"async\" src=\"https:\/\/www.skela.ro\/wp-content\/uploads\/2019\/06\/2.jpg\" alt=\"null\">\n\t<h3  data-ultimate-target='#interactive-banner-1-wrap-2302 .bb-top-title '  data-responsive-json-new='{\"font-size\":\"\",\"line-height\":\"\"}'  class=\"title-center bb-top-title ult-responsive\" style=\"font-weight:normal;background:#242424;color:#ffffff;\">STAHL- UND DICHTUNGSBLECHE<\/h3>\n\t<div class=\"mask opaque-background\" style=\"background:rgba(0,167,157,0.6);\">\n\t\t<div  data-ultimate-target='#interactive-banner-1-wrap-2302 .bb-description'  data-responsive-json-new='{\"font-size\":\"\",\"line-height\":\"\"}'  class=\"bb-description ult-responsive\" style=\"font-weight:normal;color:#ffffff;\"><\/div>\n\t<\/div>\n<\/div>[\/vc_column][\/vc_row][vc_row][vc_column][vc_column_text]<\/p>\n<h3>Worum geht es hier?<\/h3>\n<p>Diese nicht standardm\u00e4\u00dfigen D\u00fcnnblechprofile k\u00f6nnen im Rahmen von Arbeiten an der Geb\u00e4udeh\u00fclle von Hallen und anderen Konstruktionen, aber z.B. auch von K\u00fchlr\u00e4umen verwendet werden.<br \/>\nGleichzeitig sind damit aber auch Profile f\u00fcr Dachfensterrahmen, Verkleidungen, Fensterb\u00e4nke, U-Profile und Eckverkleidungen mit untypischen Abmessungen gemeint. Wir haben die M\u00f6glichkeit, Stahlbleche mit einer St\u00e4rke von maximal 2 mm und Aluminiumbleche mit einer St\u00e4rke von maximal 2,5 mm bei einer maximalen L\u00e4nge von 6.000 mm zu fertigen.<br \/>\nDie Fertigung und Lieferung erfolgt in k\u00fcrzester Zeit, selbstverst\u00e4ndlich unter Ber\u00fccksichtigung Ihrer konkreten Anfrage, der zur Verf\u00fcgung gestellten Zeichnungen, Pl\u00e4ne und Skizzen sowie sonstigen Anforderungen.<br \/>\nBeim Erhalt Ihrer Anfrage, bieten wir Ihnen gerne auch technische Unterst\u00fctzung an, um das Projekt entsprechend anzupassen bzw. zu optimieren. Folglich k\u00f6nnen Sie sich sicher sein, dass das Ergebnis auch exakt Ihren Erwartungen [\/vc_column_text][vc_single_image image=&#8220;2190&#8243; img_size=&#8220;full&#8220; alignment=&#8220;center&#8220;][\/vc_column][\/vc_row][vc_row css=&#8220;.vc_custom_1559931929612{margin-top: 50px !important;}&#8220;][vc_column]\n<div id=\"interactive-banner-1-wrap-7820\" class=\"ult-banner-block ult-adjust-bottom-margin ult-bb-none  banner-style11 \"   style=\"\">\n\t<img decoding=\"async\" src=\"https:\/\/www.skela.ro\/wp-content\/uploads\/2019\/06\/DSC_0564.jpg\" alt=\"null\">\n\t<h3  data-ultimate-target='#interactive-banner-1-wrap-7820 .bb-top-title '  data-responsive-json-new='{\"font-size\":\"\",\"line-height\":\"\"}'  class=\"title-center bb-top-title ult-responsive\" style=\"font-weight:normal;background:#242424;color:#ffffff;\">VERZINKTE PROFILE<\/h3>\n\t<div class=\"mask opaque-background\" style=\"background:rgba(0,167,157,0.6);\">\n\t\t<div  data-ultimate-target='#interactive-banner-1-wrap-7820 .bb-description'  data-responsive-json-new='{\"font-size\":\"\",\"line-height\":\"\"}'  class=\"bb-description ult-responsive\" style=\"font-weight:normal;color:#ffffff;\"><\/div>\n\t<\/div>\n<\/div>[\/vc_column][\/vc_row][vc_row][vc_column][vc_column_text]Die verzinkten Profile werden aus hochwertigem Stahl hergestellt, der von etablierten Lieferanten bezogen wird. Die Herstellung erfolgt mit Hilfe von Profilierungsmaschinen. Weiterhin erm\u00f6glicht uns der Einsatz hochmoderner Technologien die Anpassung des Produktionsprozesses in Echtzeit, wodurch hochqualitative Ergebnisse sowie eine betr\u00e4chtliche Vielfalt an Typen und Abmessungen realisiert werden k\u00f6nnen.<\/p>\n<p>Diese Kategorie beinhaltet auch St\u00fctzelemente f\u00fcr W\u00e4nde, D\u00e4cher, T\u00fcren und Fenster.<br \/>\n[\/vc_column_text][\/vc_column][\/vc_row]<\/p>\n<p><\/p>\n<\/div>","protected":false},"excerpt":{"rendered":"<p>[vc_row full_width=&#8220;stretch_row_content_no_spaces&#8220; css=&#8220;.vc_custom_1559874634718{margin-top: -80px !important;}&#8220;][vc_column][vc_single_image image=&#8220;2192&#8243; img_size=&#8220;full&#8220; alignment=&#8220;center&#8220;][\/vc_column][\/vc_row][vc_row css=&#8220;.vc_custom_1559931921855{margin-top: 50px !important;margin-bottom: 50px !important;}&#8220;][vc_column][vc_column_text] Zubeh\u00f6rteile aus Stahlblech und verzinkte Profile Jede Stahlkonstruktion hat ein solides, starkes und stabiles Erscheinungsbild. All diese Eigenschaften w\u00e4ren jedoch ohne den wesentlichen Beitrag von Zubeh\u00f6rteilen nicht vorhanden. Tats\u00e4chlich geht es hier um Details, jedoch sind es meistens gerade diese Feinheiten, die&hellip;<\/p>\n","protected":false},"author":9,"featured_media":0,"parent":0,"menu_order":0,"comment_status":"closed","ping_status":"closed","template":"","meta":{"footnotes":""},"class_list":["post-96","page","type-page","status-publish","hentry","description-off"],"_links":{"self":[{"href":"https:\/\/www.skela.ro\/de\/wp-json\/wp\/v2\/pages\/96"}],"collection":[{"href":"https:\/\/www.skela.ro\/de\/wp-json\/wp\/v2\/pages"}],"about":[{"href":"https:\/\/www.skela.ro\/de\/wp-json\/wp\/v2\/types\/page"}],"author":[{"embeddable":true,"href":"https:\/\/www.skela.ro\/de\/wp-json\/wp\/v2\/users\/9"}],"replies":[{"embeddable":true,"href":"https:\/\/www.skela.ro\/de\/wp-json\/wp\/v2\/comments?post=96"}],"version-history":[{"count":39,"href":"https:\/\/www.skela.ro\/de\/wp-json\/wp\/v2\/pages\/96\/revisions"}],"predecessor-version":[{"id":4397,"href":"https:\/\/www.skela.ro\/de\/wp-json\/wp\/v2\/pages\/96\/revisions\/4397"}],"wp:attachment":[{"href":"https:\/\/www.skela.ro\/de\/wp-json\/wp\/v2\/media?parent=96"}],"curies":[{"name":"wp","href":"https:\/\/api.w.org\/{rel}","templated":true}]}}