{"id":11,"date":"2015-02-11T12:06:13","date_gmt":"2015-02-11T12:06:13","guid":{"rendered":"http:\/\/skela.ro\/?page_id=11"},"modified":"2024-10-18T07:47:42","modified_gmt":"2024-10-18T07:47:42","slug":"despre-noi","status":"publish","type":"page","link":"https:\/\/www.skela.ro\/ro\/despre-noi\/","title":{"rendered":"Despre noi"},"content":{"rendered":"<div class=\"wpb-content-wrapper\"><p>[vc_row][vc_column][vc_column_text]<\/p>\n<h2><strong>SKELA: Evolu\u021bia Ideilor \u0219i Structurilor<\/strong><\/h2>\n<p>Din 1995, transform\u0103m idei \u00een realit\u0103\u021bi solide, cre\u00e2nd structuri din o\u021bel inovatoare \u0219i integrate, care rezist\u0103 \u00een timp \u0219i dep\u0103\u0219esc limitele posibilului.<\/p>\n<p>Drumul nostru a \u00eenceput modest, ca furnizor de servicii de montaj, execut\u00e2nd proiecte de renume, cum ar fi instalarea semnalisticii luminoase, a copertinelor \u0219i a cl\u0103dirilor pentru sta\u021biile Shell Rom\u00e2nia. P\u00e2n\u0103 \u00een 1996, ne-am f\u0103cut deja remarcat cu montajul primei hale pe structur\u0103 metalic\u0103 importat\u0103 din Olanda.<\/p>\n<p>\u00cen 2001, am f\u0103cut un pas decisiv \u00eenainte, deschiz\u00e2nd propria fabric\u0103 de structuri metalice. Acela a fost momentul definitoriu \u2013 momentul \u00een care ne-am dedicat complet calit\u0103\u021bii, preciziei \u0219i eficien\u021bei \u00een proiectarea \u0219i produc\u021bia structurilor metalice. Din acel moment, SKELA a \u00eenceput s\u0103 se transforme dintr-un simplu instalator \u00eentr-un creator de \u00eencredere al structurilor durabile pentru diverse industrii.<\/p>\n<p>Anul 2010 a adus noi orizonturi. Con\u0219tien\u021bi de importan\u021ba energiilor regenerabile, am lansat hale modulare pre-proiectate \u0219i am devenit primii din Rom\u00e2nia care au dezvoltat sisteme de montaj pentru panourile fotovoltaice, deschiz\u00e2nd calea spre un viitor sustenabil.[\/vc_column_text][vc_empty_space][\/vc_column][\/vc_row][vc_row full_width=&#8221;stretch_row_content_no_spaces&#8221; el_class=&#8221;img-full-w&#8221;][vc_column width=&#8221;1\/2&#8243; css=&#8221;.vc_custom_1728481950063{background-position: center !important;background-repeat: no-repeat !important;background-size: cover !important;}&#8221;][vc_single_image source=&#8221;external_link&#8221; external_img_size=&#8221;full&#8221; css=&#8221;.vc_custom_1728481968630{border-right-width: 10px !important;}&#8221; lazy_loading=&#8221;true&#8221; custom_src=&#8221;https:\/\/www.skela.ro\/wp-content\/uploads\/2024\/10\/despre_noi_00.jpg&#8221;][\/vc_column][vc_column width=&#8221;1\/2&#8243;][vc_single_image source=&#8221;external_link&#8221; alignment=&#8221;right&#8221; css=&#8221;&#8221; custom_src=&#8221;https:\/\/www.skela.ro\/wp-content\/uploads\/2024\/10\/despre_noi_01.jpg&#8221;][\/vc_column][\/vc_row][vc_row][vc_column][vc_empty_space][vc_column_text]<\/p>\n<h3><strong>O Companie Cl\u0103dit\u0103 pe Inova\u021bie \u0219i Integrare<\/strong><\/h3>\n<p><strong>\u00a0<\/strong>Povestea SKELA nu este doar despre a construi cl\u0103diri \u0219i hale \u2013 este despre a crea funda\u021biile care sprijin\u0103 evolu\u021bia industriilor \u0219i a ideilor.<\/p>\n<p>Suntem mereu flexibili \u0219i ne adapt\u0103m la nevoile fiec\u0103rui proiect, p\u0103str\u00e2nd \u00een acela\u0219i timp stabilitatea \u0219i calitatea pe care clien\u021bii no\u0219tri le a\u0219teapt\u0103. Fie c\u0103 realiz\u0103m o solu\u021bie personalizat\u0103 sau dezvolt\u0103m un proiect de anvergur\u0103, echipa noastr\u0103 combin\u0103 creativitatea cu expertiza tehnic\u0103, pentru a ne asigura c\u0103 fiecare structur\u0103 este g\u00e2ndit\u0103 s\u0103 reziste \u00een timp.[\/vc_column_text][vc_empty_space][\/vc_column][\/vc_row][vc_row full_width=&#8221;stretch_row&#8221; bg_type=&#8221;image&#8221; parallax_style=&#8221;vcpb-default&#8221; bg_image_new=&#8221;id^4555|url^https:\/\/www.skela.ro\/wp-content\/uploads\/2024\/10\/Skela_pattern.png|caption^null|alt^null|title^Skela_pattern|description^null&#8221; css=&#8221;.vc_custom_1728484466258{padding-top: 50px !important;padding-bottom: 50px !important;background-color: #ffffff !important;}&#8221;][vc_column width=&#8221;1\/3&#8243;][vc_single_image image=&#8221;4710&#8243; alignment=&#8221;center&#8221; css=&#8221;&#8221;][vc_empty_space height=&#8221;20px&#8221;][vc_column_text]<\/p>\n<h4 style=\"text-align: center;\">REZISTEN\u021a\u0102<\/h4>\n<p style=\"text-align: center;\">Structurile noastre sunt proiectate s\u0103 reziste oric\u0103ror provoc\u0103ri. Fiecare solu\u021bie oferit\u0103 de SKELA sus\u021bine idei \u00eendr\u0103zne\u021be, oferind stabilitate \u0219i durabilitate. \u00cen esen\u021b\u0103, construim funda\u021bii solide pentru proiecte care se dezvolt\u0103 \u00een timp.<\/p>\n<p>[\/vc_column_text][\/vc_column][vc_column width=&#8221;1\/3&#8243;][vc_single_image image=&#8221;4713&#8243; alignment=&#8221;center&#8221; css=&#8221;&#8221;][vc_empty_space height=&#8221;20px&#8221;][vc_column_text]<\/p>\n<h4 style=\"text-align: center;\">CREATIVITATE<\/h4>\n<p style=\"text-align: center;\">\u00cembin\u0103m tehnologia avansat\u0103 cu design inovator pentru a crea solu\u021bii flexibile \u0219i personalizate. Structurile noastre nu doar c\u0103 \u00ee\u021bi sus\u021bin proiectele, ci ofer\u0103 libertatea de a inova \u0219i de a transforma ideile \u00een realitate concret\u0103.<\/p>\n<p>[\/vc_column_text][\/vc_column][vc_column width=&#8221;1\/3&#8243;][vc_single_image image=&#8221;4715&#8243; alignment=&#8221;center&#8221; css=&#8221;&#8221;][vc_empty_space height=&#8221;20px&#8221;][vc_column_text]<\/p>\n<h4 style=\"text-align: center;\">SUSTENABILITATE<\/h4>\n<p style=\"text-align: center;\">Oferim solu\u021bii durabile, construite pentru a respecta mediul \u0219i genera\u021biile viitoare. Ne angaj\u0103m s\u0103 implement\u0103m tehnologii sustenabile, folosind materiale reciclabile, astfel \u00eenc\u00e2t proiectele tale s\u0103 fie at\u00e2t solide, c\u00e2t \u0219i prietenoase cu mediul.<\/p>\n<p>[\/vc_column_text][\/vc_column][\/vc_row][vc_row][vc_column][vc_empty_space height=&#8221;52px&#8221;][\/vc_column][\/vc_row][vc_row][vc_column width=&#8221;1\/6&#8243;][\/vc_column][vc_column width=&#8221;2\/3&#8243;][vc_column_text]<\/p>\n<h2 style=\"text-align: center;\"><strong>Model\u0103m Viitorul cu O\u021bel<\/strong><\/h2>\n<p style=\"text-align: center;\">La SKELA, viziunea noastr\u0103 a fost \u00eentotdeauna clar\u0103: s\u0103 fim furnizorul principal de solu\u021bii integrate din o\u021bel \u00een Rom\u00e2nia \u0219i un juc\u0103tor esen\u021bial pe pia\u021ba european\u0103. Ne-am c\u00e2\u0219tigat reputa\u021bia proiect cu proiect, motivati de progres \u0219i inova\u021bie.<\/p>\n<p style=\"text-align: center;\">Cu fiecare lucrare noua, dep\u0103\u0219im limitele \u0219i transform\u0103m ideile \u00een structuri solide. Am \u00eenceput cu o direc\u021bie clar\u0103, iar ast\u0103zi continu\u0103m inspira\u021bi, mai puternici \u0219i mereu cu g\u00e2ndul la viitor.<\/p>\n<p style=\"text-align: center;\"><strong>SKELA<\/strong> \u2013 Mind the Steel<\/p>\n<p>[\/vc_column_text][\/vc_column][vc_column width=&#8221;1\/6&#8243;][\/vc_column][\/vc_row][vc_row][vc_column][vc_empty_space]<div class=\"text-centered\"><a href=\"https:\/\/www.skela.ro\/ro\/cotatii\/\" class=\"btn-shortcode dt-btn-l dt-btn default-btn-color default-btn-hover-color default-btn-bg-color default-btn-bg-hover-color\" target=\"_blank\" id=\"dt-btn-1\" rel=\"noopener\"><span>Solicit\u0103 cota\u021bie<\/span><\/a><\/div>[vc_empty_space][\/vc_column][\/vc_row][vc_row equal_height=&#8221;yes&#8221; el_class=&#8221;shodow-box-holder&#8221;][vc_column width=&#8221;1\/4&#8243; el_class=&#8221;shadow-box&#8221; css=&#8221;.vc_custom_1728543722697{margin-right: 15px !important;margin-left: 15px !important;}&#8221;]<div class=\"ult-content-box-container \" >\t\t<div class=\"ult-content-box\" style=\"box-shadow: px px px px none;-webkit-transition: all 700ms ease;-moz-transition: all 700ms ease;-ms-transition: all 700ms ease;-o-transition: all 700ms ease;transition: all 700ms ease;\"  data-hover_box_shadow=\"none\"    >[vc_single_image image=&#8221;4558&#8243; img_size=&#8221;full&#8221; alignment=&#8221;center&#8221; css=&#8221;&#8221;][vc_column_text css=&#8221;&#8221;]<\/p>\n<h3 style=\"text-align: center;\">Structura metalica tablier pod infrastructura<\/h3>\n<p style=\"text-align: center;\">Autostrada Moldovei\u2028octombrie 29, 2020[\/vc_column_text]\t\t<\/div><\/div>[\/vc_column][vc_column width=&#8221;1\/2&#8243; el_class=&#8221;shadow-box&#8221; css=&#8221;.vc_custom_1728481070540{margin-right: 15px !important;margin-left: 15px !important;}&#8221;]<div class=\"ult-content-box-container \" >\t\t<div class=\"ult-content-box\" style=\"box-shadow: px px px px none;-webkit-transition: all 700ms ease;-moz-transition: all 700ms ease;-ms-transition: all 700ms ease;-o-transition: all 700ms ease;transition: all 700ms ease;\"  data-hover_box_shadow=\"none\"    >[vc_single_image image=&#8221;4559&#8243; img_size=&#8221;full&#8221; alignment=&#8221;center&#8221; css=&#8221;&#8221;][vc_column_text css=&#8221;&#8221;]<\/p>\n<h3 style=\"text-align: center;\">Pasarela pietonala deschidere mare<\/h3>\n<p style=\"text-align: center;\">Berceni \u2013 Popesti Leordeni\u2028octombrie 28, 2020[\/vc_column_text]\t\t<\/div><\/div>[\/vc_column][vc_column width=&#8221;1\/4&#8243; el_class=&#8221;shadow-box&#8221; css=&#8221;.vc_custom_1728543802256{margin-right: 15px !important;margin-left: 15px !important;}&#8221;]<div class=\"ult-content-box-container \" >\t\t<div class=\"ult-content-box\" style=\"box-shadow: px px px px none;-webkit-transition: all 700ms ease;-moz-transition: all 700ms ease;-ms-transition: all 700ms ease;-o-transition: all 700ms ease;transition: all 700ms ease;\"  data-hover_box_shadow=\"none\"    >[vc_single_image image=&#8221;4560&#8243; img_size=&#8221;full&#8221; alignment=&#8221;center&#8221; css=&#8221;&#8221;][vc_column_text css=&#8221;&#8221;]<\/p>\n<h3 style=\"text-align: center;\">Structura metalica extindere hala otelarie<\/h3>\n<p style=\"text-align: center;\">Tenaris Calarasi\u2028octombrie 29, 2020[\/vc_column_text]\t\t<\/div><\/div>[\/vc_column][\/vc_row][vc_row][vc_column][vc_empty_space][\/vc_column][\/vc_row]<\/p>\n<\/div>","protected":false},"excerpt":{"rendered":"<p>[vc_row][vc_column][vc_column_text] SKELA: Evolu\u021bia Ideilor \u0219i Structurilor Din 1995, transform\u0103m idei \u00een realit\u0103\u021bi solide, cre\u00e2nd structuri din o\u021bel inovatoare \u0219i integrate, care rezist\u0103 \u00een timp \u0219i dep\u0103\u0219esc limitele posibilului. Drumul nostru a \u00eenceput modest, ca furnizor de servicii de montaj, execut\u00e2nd proiecte de renume, cum ar fi instalarea semnalisticii luminoase, a copertinelor \u0219i a cl\u0103dirilor pentru&hellip;<\/p>\n","protected":false},"author":9,"featured_media":0,"parent":0,"menu_order":0,"comment_status":"closed","ping_status":"closed","template":"","meta":{"footnotes":""},"class_list":["post-11","page","type-page","status-publish","hentry","description-off"],"_links":{"self":[{"href":"https:\/\/www.skela.ro\/ro\/wp-json\/wp\/v2\/pages\/11"}],"collection":[{"href":"https:\/\/www.skela.ro\/ro\/wp-json\/wp\/v2\/pages"}],"about":[{"href":"https:\/\/www.skela.ro\/ro\/wp-json\/wp\/v2\/types\/page"}],"author":[{"embeddable":true,"href":"https:\/\/www.skela.ro\/ro\/wp-json\/wp\/v2\/users\/9"}],"replies":[{"embeddable":true,"href":"https:\/\/www.skela.ro\/ro\/wp-json\/wp\/v2\/comments?post=11"}],"version-history":[{"count":192,"href":"https:\/\/www.skela.ro\/ro\/wp-json\/wp\/v2\/pages\/11\/revisions"}],"predecessor-version":[{"id":4775,"href":"https:\/\/www.skela.ro\/ro\/wp-json\/wp\/v2\/pages\/11\/revisions\/4775"}],"wp:attachment":[{"href":"https:\/\/www.skela.ro\/ro\/wp-json\/wp\/v2\/media?parent=11"}],"curies":[{"name":"wp","href":"https:\/\/api.w.org\/{rel}","templated":true}]}}