{"id":92,"date":"2015-02-23T12:44:50","date_gmt":"2015-02-23T12:44:50","guid":{"rendered":"http:\/\/skela.ro\/?page_id=92"},"modified":"2024-10-07T19:23:51","modified_gmt":"2024-10-07T19:23:51","slug":"ready-line-p","status":"publish","type":"page","link":"https:\/\/www.skela.ro\/ro\/ready-line-2\/","title":{"rendered":"Ready Line"},"content":{"rendered":"<div class=\"wpb-content-wrapper\"><p>[vc_row full_width=&#8221;stretch_row_content_no_spaces&#8221; css=&#8221;.vc_custom_1559866695847{margin-top: -80px !important;}&#8221;][vc_column][vc_single_image image=&#8221;2957&#8243; img_size=&#8221;full&#8221; alignment=&#8221;center&#8221;][\/vc_column][\/vc_row][vc_row css=&#8221;.vc_custom_1559931766048{margin-top: 50px !important;margin-bottom: 50px !important;}&#8221;][vc_column][vc_column_text]<\/p>\n<h2 style=\"text-align: left;\">READY LINE BY SKELA: HALE METALICE \u201eLA CHEIE\u201d \u2013 GATA C\u00c2ND E\u0218TI TU GATA<\/h2>\n<p>C\u00e2nd spui <strong>Ready Line<\/strong>, nu vorbim de un proces rigid sau plictisitor. E mai mult dec\u00e2t o simpl\u0103 fabricare de hale \u2013 e o solu\u021bie care combin\u0103 perfect optimizarea materialelor cu reducerea costurilor de infrastructur\u0103. G\u00e2nde\u0219te-te la noi ca la o echip\u0103 care livreaz\u0103 hale metalice la cheie, rapid, fiabil \u0219i, desigur, durabile. Fiecare element al structurii este g\u00e2ndit s\u0103 reziste \u0219i s\u0103 fie bine protejat \u00eempotriva coroziunii.<\/p>\n<p><strong>Ready Line<\/strong> \u00eenseamn\u0103 inova\u021bie continu\u0103 \u0219i viziune. Rezultatul? O solu\u021bie cu aplica\u021bii extinse \u2013 halele noastre se pot adapta \u0219i extinde pe toate axele. Orice ai nevoie, noi g\u0103sim o cale s\u0103-l sus\u021binem.[\/vc_column_text][\/vc_column][\/vc_row][vc_row][vc_column]\n<div id=\"interactive-banner-1-wrap-3374\" class=\"ult-banner-block ult-adjust-bottom-margin ult-bb-none  banner-style11 \"   style=\"\">\n\t<img decoding=\"async\" src=\"https:\/\/www.skela.ro\/wp-content\/uploads\/2019\/06\/ferma-frumusica-1.jpg\" alt=\"null\">\n\t<h3  data-ultimate-target='#interactive-banner-1-wrap-3374 .bb-top-title '  data-responsive-json-new='{\"font-size\":\"\",\"line-height\":\"\"}'  class=\"title-center bb-top-title ult-responsive\" style=\"font-weight:normal;background:#242424;color:#ffffff;\">HALE METALICE LA CHEIE<\/h3>\n\t<div class=\"mask opaque-background\" style=\"background:rgba(0,167,157,0.6);\">\n\t\t<div  data-ultimate-target='#interactive-banner-1-wrap-3374 .bb-description'  data-responsive-json-new='{\"font-size\":\"\",\"line-height\":\"\"}'  class=\"bb-description ult-responsive\" style=\"font-weight:normal;color:#ffffff;\"><\/div>\n\t<\/div>\n<\/div>[\/vc_column][\/vc_row][vc_row][vc_column][vc_column_text]<\/p>\n<h2>DESPRE CE E VORBA, DE FAPT?<\/h2>\n<p>Simplu: hale metalice \u201ela cheie\u201d pentru orice domeniu \u00ee\u021bi trece prin minte. De la depozite \u0219i hangare, la showroom-uri, service-uri auto, hale industriale, agricole, centre comerciale, ansambluri reziden\u021biale, cl\u0103diri de birouri sau chiar re\u021bele de benzin\u0103rii \u0219i retail. Da, lista poate continua la nesf\u00e2r\u0219it \u2013 dac\u0103 ai nevoie de un spa\u021biu, noi avem solu\u021bia.<\/p>\n<p>Avem dou\u0103 op\u021biuni clare \u0219i eficiente:<\/p>\n<ol>\n<li><strong>Hale modulare standard:<\/strong> Fabricate \u00een condi\u021bii impecabile, gata de livrare \u201ela cheie\u201d, \u00een timp record. \u0218i s\u0103 nu uit\u0103m \u2013 optimiz\u0103m costurile la maximum, a\u0219a c\u0103 prime\u0219ti calitate la pre\u021buri mai mult dec\u00e2t decente.<\/li>\n<li><strong>Hale customizate:<\/strong> Prefabricarea este la cel mai \u00eenalt nivel, iar avantajul e c\u0103 totul vine de la un singur furnizor. Proiectare, execu\u021bie, montaj, \u0219i \u00eenchideri \u2013 toate sunt la un loc, pe principiul \u201eOne stop shop\u201d. Ne ocup\u0103m noi de tot, tu doar ne spui cum vrei s\u0103 arate.<\/li>\n<\/ol>\n<h3><strong>Important: Durabilitatea pe primul loc<\/strong><\/h3>\n<p>Toate elementele structurii sunt tratate anticoroziv \u0219i sunt f\u0103cute s\u0103 reziste. Mai mult dec\u00e2t at\u00e2t, halele noastre sunt ca un puzzle flexibil \u2013 se pot extinde rapid at\u00e2t pe l\u0103\u021bime, c\u00e2t \u0219i pe lungime, f\u0103r\u0103 complica\u021bii. Deci, dac\u0103 afacerea ta cre\u0219te, \u0219i hala ta poate cre\u0219te \u00eempreun\u0103 cu ea.[\/vc_column_text][\/vc_column][\/vc_row]<\/p>\n<\/div>","protected":false},"excerpt":{"rendered":"<p>[vc_row full_width=&#8221;stretch_row_content_no_spaces&#8221; css=&#8221;.vc_custom_1559866695847{margin-top: -80px !important;}&#8221;][vc_column][vc_single_image image=&#8221;2957&#8243; img_size=&#8221;full&#8221; alignment=&#8221;center&#8221;][\/vc_column][\/vc_row][vc_row css=&#8221;.vc_custom_1559931766048{margin-top: 50px !important;margin-bottom: 50px !important;}&#8221;][vc_column][vc_column_text] READY LINE BY SKELA: HALE METALICE \u201eLA CHEIE\u201d \u2013 GATA C\u00c2ND E\u0218TI TU GATA C\u00e2nd spui Ready Line, nu vorbim de un proces rigid sau plictisitor. E mai mult dec\u00e2t o simpl\u0103 fabricare de hale \u2013 e o solu\u021bie care combin\u0103 perfect&hellip;<\/p>\n","protected":false},"author":9,"featured_media":0,"parent":0,"menu_order":0,"comment_status":"closed","ping_status":"closed","template":"","meta":{"footnotes":""},"class_list":["post-92","page","type-page","status-publish","hentry","description-off"],"_links":{"self":[{"href":"https:\/\/www.skela.ro\/ro\/wp-json\/wp\/v2\/pages\/92"}],"collection":[{"href":"https:\/\/www.skela.ro\/ro\/wp-json\/wp\/v2\/pages"}],"about":[{"href":"https:\/\/www.skela.ro\/ro\/wp-json\/wp\/v2\/types\/page"}],"author":[{"embeddable":true,"href":"https:\/\/www.skela.ro\/ro\/wp-json\/wp\/v2\/users\/9"}],"replies":[{"embeddable":true,"href":"https:\/\/www.skela.ro\/ro\/wp-json\/wp\/v2\/comments?post=92"}],"version-history":[{"count":28,"href":"https:\/\/www.skela.ro\/ro\/wp-json\/wp\/v2\/pages\/92\/revisions"}],"predecessor-version":[{"id":4510,"href":"https:\/\/www.skela.ro\/ro\/wp-json\/wp\/v2\/pages\/92\/revisions\/4510"}],"wp:attachment":[{"href":"https:\/\/www.skela.ro\/ro\/wp-json\/wp\/v2\/media?parent=92"}],"curies":[{"name":"wp","href":"https:\/\/api.w.org\/{rel}","templated":true}]}}