{"id":96,"date":"2015-02-23T12:45:58","date_gmt":"2015-02-23T12:45:58","guid":{"rendered":"http:\/\/skela.ro\/?page_id=96"},"modified":"2021-11-30T14:10:11","modified_gmt":"2021-11-30T14:10:11","slug":"slim-line-p","status":"publish","type":"page","link":"https:\/\/www.skela.ro\/ro\/slim-line\/","title":{"rendered":"Slim Line"},"content":{"rendered":"<div class=\"wpb-content-wrapper\"><p>[vc_row full_width=&#8221;stretch_row_content_no_spaces&#8221; css=&#8221;.vc_custom_1559874634718{margin-top: -80px !important;}&#8221;][vc_column][vc_single_image image=&#8221;2192&#8243; img_size=&#8221;full&#8221; alignment=&#8221;center&#8221;][\/vc_column][\/vc_row][vc_row css=&#8221;.vc_custom_1559931921855{margin-top: 50px !important;margin-bottom: 50px !important;}&#8221;][vc_column][vc_column_text]<\/p>\n<div class=\"text-sus\">\n<h3><strong>Accesorii din tabl\u0103 \u015fi profile zincate<\/strong><\/h3>\n<p>Orice structur\u0103 metalic\u0103 are o apari\u0163ie solid\u0103, puternic\u0103, stabil\u0103. Nimic din ce \u0163ine de aceast\u0103 apari\u0163ie, de procesul \u00een sine, nu ar fi posibil f\u0103r\u0103 aportul decisiv a ceea ce, uneori numim prin cuv\u00e2ntul \u201caccesorii\u201d.<\/p>\n<p>\u00cen fapt, e vorba de detalii \u00eensa, de cele mai multe, ori acestea sunt cele care dau m\u0103sura calita\u0163ii \u015fi profesionalismului execu\u0163iei \u00een orice proiect.<\/p>\n<p>Slim Line este momentul absolut indispensabil punerii \u00een proiectare \u015fi \u00een execu\u0163ie a oric\u0103rei posibile lucr\u0103ri. Cele ce \u00een mod normal pot fi numite \u201celementele de suport secundar \u015fi de finisaj\u201d reprezint\u0103 de fapt posibilitatea de a fi, de a exista a \u00eentregului proiect, fix\u00e2nd si stabiliz\u00e2nd practic \u00eentregul complex de elemente.<\/p>\n<p>Slim Line reprezint\u0103 astfel \u201cbackstage\u201d-ul, invizibil uneori, \u00eens\u0103 care are rolul de a lega \u015fi de a pune \u00een vizare \u015fi vizibilitate \u00eentreaga construc\u0163ie: <a href=\"https:\/\/www.skela.ro\/1\/Accesorii-tabla-hale-metalice-Skela.html\">Accesorii tabla hale metalice &#8211; Skela Industries<\/a>.<\/p>\n<\/div>\n<div class=\"lucrari-referinta-link\"><\/div>\n<p>[\/vc_column_text][\/vc_column][\/vc_row][vc_row][vc_column]\n<div id=\"interactive-banner-1-wrap-2183\" class=\"ult-banner-block ult-adjust-bottom-margin ult-bb-none  banner-style11 \"   style=\"\">\n\t<img decoding=\"async\" src=\"https:\/\/www.skela.ro\/wp-content\/uploads\/2019\/06\/2.jpg\" alt=\"null\">\n\t<h3  data-ultimate-target='#interactive-banner-1-wrap-2183 .bb-top-title '  data-responsive-json-new='{\"font-size\":\"\",\"line-height\":\"\"}'  class=\"title-center bb-top-title ult-responsive\" style=\"font-weight:normal;background:#242424;color:#ffffff;\">ACCESORII DIN TABL\u0102 PENTRU CONSTRUC\u021aII<\/h3>\n\t<div class=\"mask opaque-background\" style=\"background:rgba(0,167,157,0.6);\">\n\t\t<div  data-ultimate-target='#interactive-banner-1-wrap-2183 .bb-description'  data-responsive-json-new='{\"font-size\":\"\",\"line-height\":\"\"}'  class=\"bb-description ult-responsive\" style=\"font-weight:normal;color:#ffffff;\"><\/div>\n\t<\/div>\n<\/div>[\/vc_column][\/vc_row][vc_row][vc_column][vc_column_text]<\/p>\n<h3>Despre ce e vorba, de fapt?<\/h3>\n<p>Facem aici referire la diversele profile non-standard din tabl\u0103 sub\u0163ire pentru lucr\u0103ri de \u00eenchidere a halelor \u015fi a altor construc\u0163ii, a camerelor frigorifice, precum \u015fi profile pentru socluri de luminator, casete, glafuri, profile U, col\u0163are cu dimensiuni atipice. Ne asum\u0103m profilarea tablei de o\u0163el la o grosime de maxim 2 mm, respectiv a tablei de aluminiu la o grosime de maxim 2,5 mm, toate acestea c\u00e2nd e vorba de lungimi de maxim 6000 mm. Mai departe, execu\u0163ia \u015fi livrarea se realizeaz\u0103 \u00een cel mai scurt timp posibil, tin\u00e2nd cont desigur de rigorile solicit\u0103rii dumneavoastr\u0103, de desen, plan, schi\u0163a sau orice alt\u0103 cerin\u0163\u0103. La \u00eenregistrarea cererii, v\u0103 acord\u0103m de asemenea \u015fi consilierea tehnic\u0103 \u00een personalizarea, respectiv optimizarea proiectului. Astfel, e de la sine \u00eenteles c\u0103 rezultatul nu poate fi dec\u00e2t solu\u0163ia a\u015fteptat\u0103 de dumneavoastr\u0103, iar livrarea nu v\u0103 dep\u0103\u015fi niciodat\u0103 48 de ore.[\/vc_column_text][vc_single_image image=&#8221;2190&#8243; img_size=&#8221;full&#8221; alignment=&#8221;center&#8221;][\/vc_column][\/vc_row][vc_row css=&#8221;.vc_custom_1559931929612{margin-top: 50px !important;}&#8221;][vc_column]\n<div id=\"interactive-banner-1-wrap-1567\" class=\"ult-banner-block ult-adjust-bottom-margin ult-bb-none  banner-style11 \"   style=\"\">\n\t<img decoding=\"async\" src=\"https:\/\/www.skela.ro\/wp-content\/uploads\/2019\/06\/DSC_0564.jpg\" alt=\"null\">\n\t<h3  data-ultimate-target='#interactive-banner-1-wrap-1567 .bb-top-title '  data-responsive-json-new='{\"font-size\":\"\",\"line-height\":\"\"}'  class=\"title-center bb-top-title ult-responsive\" style=\"font-weight:normal;background:#242424;color:#ffffff;\">PROFILE ZINCATE<\/h3>\n\t<div class=\"mask opaque-background\" style=\"background:rgba(0,167,157,0.6);\">\n\t\t<div  data-ultimate-target='#interactive-banner-1-wrap-1567 .bb-description'  data-responsive-json-new='{\"font-size\":\"\",\"line-height\":\"\"}'  class=\"bb-description ult-responsive\" style=\"font-weight:normal;color:#ffffff;\"><\/div>\n\t<\/div>\n<\/div>[\/vc_column][\/vc_row][vc_row][vc_column][vc_column_text]Profilele galvanizate sunt produse pe ma\u015fini de profilare continu\u0103, din o\u0163el de calitate superioar\u0103 achizi\u0163ionat de la furnizori consacra\u0163i. Mai departe, tehnologia ultramodern\u0103 folosit\u0103 ne permite s\u0103 abord\u0103m \u00een timp real produc\u0163ia de profile, rezultatul fiind unul categoric superior at\u00e2t din punct de vedere calitativ, c\u00e2t \u015fi \u00eentr-o varietate semnificativ\u0103 de tipuri \u015fi dimensiuni. Aceast\u0103 categorie include elemente de sus\u0163inere pentru pere\u0163i, acoperi\u015furi, u\u015fi \u015fi t\u00e2mpl\u0103rie, pentru toat\u0103 partea de \u00eenchideri.[\/vc_column_text][\/vc_column][\/vc_row]<\/p>\n<\/div>","protected":false},"excerpt":{"rendered":"<p>[vc_row full_width=&#8221;stretch_row_content_no_spaces&#8221; css=&#8221;.vc_custom_1559874634718{margin-top: -80px !important;}&#8221;][vc_column][vc_single_image image=&#8221;2192&#8243; img_size=&#8221;full&#8221; alignment=&#8221;center&#8221;][\/vc_column][\/vc_row][vc_row css=&#8221;.vc_custom_1559931921855{margin-top: 50px !important;margin-bottom: 50px !important;}&#8221;][vc_column][vc_column_text] Accesorii din tabl\u0103 \u015fi profile zincate Orice structur\u0103 metalic\u0103 are o apari\u0163ie solid\u0103, puternic\u0103, stabil\u0103. Nimic din ce \u0163ine de aceast\u0103 apari\u0163ie, de procesul \u00een sine, nu ar fi posibil f\u0103r\u0103 aportul decisiv a ceea ce, uneori numim prin cuv\u00e2ntul \u201caccesorii\u201d. \u00cen&hellip;<\/p>\n","protected":false},"author":9,"featured_media":0,"parent":0,"menu_order":0,"comment_status":"closed","ping_status":"closed","template":"","meta":{"footnotes":""},"class_list":["post-96","page","type-page","status-publish","hentry","description-off"],"_links":{"self":[{"href":"https:\/\/www.skela.ro\/ro\/wp-json\/wp\/v2\/pages\/96"}],"collection":[{"href":"https:\/\/www.skela.ro\/ro\/wp-json\/wp\/v2\/pages"}],"about":[{"href":"https:\/\/www.skela.ro\/ro\/wp-json\/wp\/v2\/types\/page"}],"author":[{"embeddable":true,"href":"https:\/\/www.skela.ro\/ro\/wp-json\/wp\/v2\/users\/9"}],"replies":[{"embeddable":true,"href":"https:\/\/www.skela.ro\/ro\/wp-json\/wp\/v2\/comments?post=96"}],"version-history":[{"count":78,"href":"https:\/\/www.skela.ro\/ro\/wp-json\/wp\/v2\/pages\/96\/revisions"}],"predecessor-version":[{"id":4397,"href":"https:\/\/www.skela.ro\/ro\/wp-json\/wp\/v2\/pages\/96\/revisions\/4397"}],"wp:attachment":[{"href":"https:\/\/www.skela.ro\/ro\/wp-json\/wp\/v2\/media?parent=96"}],"curies":[{"name":"wp","href":"https:\/\/api.w.org\/{rel}","templated":true}]}}